{"id":211560,"date":"2026-04-23T15:55:07","date_gmt":"2026-04-23T13:55:07","guid":{"rendered":"https:\/\/www.decenniadesign.nl\/product\/borge-jensen-sonner-korinth-table\/"},"modified":"2026-04-23T15:55:07","modified_gmt":"2026-04-23T13:55:07","slug":"borge-jensen-sonner-korinth-table","status":"publish","type":"product","link":"https:\/\/www.decenniadesign.nl\/en\/product\/borge-jensen-sonner-korinth-table\/","title":{"rendered":"B\u00f8rge Jensen &#038; S\u00f8nner Korinth table"},"content":{"rendered":"<p>B\u00f8rge Jensen &amp; S\u00f8nner Korinth table marked Bernstorffsminde M\u00f8belfabrik (09-65)146. This coffee or side table is made from teak (veneer). Typical Mid Century Modern design from Denmark. Some small scratches but the top is reversible so you can place the best side on top.<br \/>\nIn a good vintage condition.<\/p>\n","protected":false},"excerpt":{"rendered":"<p>B\u00f8rge Jensen &amp; S\u00f8nner Korinth table marked Bernstorffsminde M\u00f8belfabrik (09-65)146. This coffee or side table is made from teak (veneer). Typical Mid Century Modern design from Denmark. Some small scratches but the top is reversible so you can place the best side on top. In a good vintage condition.<\/p>\n","protected":false},"featured_media":211562,"comment_status":"closed","ping_status":"closed","template":"","meta":{"_acf_changed":false,"site-sidebar-layout":"default","site-content-layout":"","ast-site-content-layout":"default","site-content-style":"default","site-sidebar-style":"default","ast-global-header-display":"","ast-banner-title-visibility":"","ast-main-header-display":"","ast-hfb-above-header-display":"","ast-hfb-below-header-display":"","ast-hfb-mobile-header-display":"","site-post-title":"","ast-breadcrumbs-content":"","ast-featured-img":"","footer-sml-layout":"","ast-disable-related-posts":"","theme-transparent-header-meta":"default","adv-header-id-meta":"","stick-header-meta":"","header-above-stick-meta":"","header-main-stick-meta":"","header-below-stick-meta":"","astra-migrate-meta-layouts":"default","ast-page-background-enabled":"default","ast-page-background-meta":{"desktop":{"background-color":"","background-image":"","background-repeat":"repeat","background-position":"center center","background-size":"auto","background-attachment":"scroll","background-type":"","background-media":"","overlay-type":"","overlay-color":"","overlay-opacity":"","overlay-gradient":""},"tablet":{"background-color":"","background-image":"","background-repeat":"repeat","background-position":"center center","background-size":"auto","background-attachment":"scroll","background-type":"","background-media":"","overlay-type":"","overlay-color":"","overlay-opacity":"","overlay-gradient":""},"mobile":{"background-color":"","background-image":"","background-repeat":"repeat","background-position":"center center","background-size":"auto","background-attachment":"scroll","background-type":"","background-media":"","overlay-type":"","overlay-color":"","overlay-opacity":"","overlay-gradient":""}},"ast-content-background-meta":{"desktop":{"background-color":"var(--ast-global-color-5)","background-image":"","background-repeat":"repeat","background-position":"center center","background-size":"auto","background-attachment":"scroll","background-type":"","background-media":"","overlay-type":"","overlay-color":"","overlay-opacity":"","overlay-gradient":""},"tablet":{"background-color":"var(--ast-global-color-5)","background-image":"","background-repeat":"repeat","background-position":"center center","background-size":"auto","background-attachment":"scroll","background-type":"","background-media":"","overlay-type":"","overlay-color":"","overlay-opacity":"","overlay-gradient":""},"mobile":{"background-color":"var(--ast-global-color-5)","background-image":"","background-repeat":"repeat","background-position":"center center","background-size":"auto","background-attachment":"scroll","background-type":"","background-media":"","overlay-type":"","overlay-color":"","overlay-opacity":"","overlay-gradient":""}}},"product_brand":[],"product_cat":[5151,5145,5082,5088],"product_tag":[],"class_list":{"0":"post-211560","1":"product","2":"type-product","3":"status-publish","4":"has-post-thumbnail","6":"product_cat-tables","7":"product_cat-furniture","8":"product_cat-meubelen","9":"product_cat-salontafels-bijzettafels","10":"product_shipping_class-costs-route","11":"product_shipping_class-kosten-route","12":"desktop-align-left","13":"tablet-align-left","14":"mobile-align-left","15":"ast-product-gallery-layout-horizontal-slider","16":"ast-product-tabs-layout-horizontal","18":"first","19":"instock","20":"taxable","21":"shipping-taxable","22":"purchasable","23":"product-type-simple"},"acf":[],"yoast_head":"<!-- This site is optimized with the Yoast SEO plugin v27.2 - https:\/\/yoast.com\/product\/yoast-seo-wordpress\/ -->\n<title>B\u00f8rge Jensen &amp; S\u00f8nner Korinth table - Decennia Design<\/title>\n<meta name=\"description\" content=\"B\u00f8rge Jensen &amp; S\u00f8nner Korinth table marked Bernstorffsminde M\u00f8belfabrik (09-65)146. This coffee or side table is made from teak (veneer). Typical Mid Century Modern design from Denmark. Some small scratches but the top is reversible so you can place the best side on top. In a good vintage condition.\" \/>\n<meta name=\"robots\" content=\"index, follow, max-snippet:-1, max-image-preview:large, max-video-preview:-1\" \/>\n<link rel=\"canonical\" href=\"https:\/\/www.decenniadesign.nl\/product\/borge-jensen-sonner-korinth-tafeltje\/\" \/>\n<meta property=\"og:locale\" content=\"en_US\" \/>\n<meta property=\"og:type\" content=\"article\" \/>\n<meta property=\"og:title\" content=\"B\u00f8rge Jensen &amp; S\u00f8nner Korinth table - Decennia Design\" \/>\n<meta property=\"og:description\" content=\"B\u00f8rge Jensen &amp; S\u00f8nner Korinth table marked Bernstorffsminde M\u00f8belfabrik (09-65)146. This coffee or side table is made from teak (veneer). Typical Mid Century Modern design from Denmark. Some small scratches but the top is reversible so you can place the best side on top. In a good vintage condition.\" \/>\n<meta property=\"og:url\" content=\"https:\/\/www.decenniadesign.nl\/product\/borge-jensen-sonner-korinth-tafeltje\/\" \/>\n<meta property=\"og:site_name\" content=\"Decennia Design\" \/>\n<meta property=\"article:publisher\" content=\"https:\/\/www.facebook.com\/Decennia-Design-231647773518270\/\" \/>\n<meta property=\"og:image\" content=\"https:\/\/www.decenniadesign.nl\/wp-content\/uploads\/2026\/04\/71837-Bernstorffsminde-bijzettafel-05.jpg\" \/>\n\t<meta property=\"og:image:width\" content=\"1024\" \/>\n\t<meta property=\"og:image:height\" content=\"1536\" \/>\n\t<meta property=\"og:image:type\" content=\"image\/jpeg\" \/>\n<meta name=\"twitter:card\" content=\"summary_large_image\" \/>\n<script type=\"application\/ld+json\" class=\"yoast-schema-graph\">{\"@context\":\"https:\/\/schema.org\",\"@graph\":[{\"@type\":\"WebPage\",\"@id\":\"https:\/\/www.decenniadesign.nl\/product\/borge-jensen-sonner-korinth-tafeltje\/\",\"url\":\"https:\/\/www.decenniadesign.nl\/product\/borge-jensen-sonner-korinth-tafeltje\/\",\"name\":\"B\u00f8rge Jensen & S\u00f8nner Korinth table - Decennia Design\",\"isPartOf\":{\"@id\":\"https:\/\/www.decenniadesign.nl\/en\/#website\"},\"primaryImageOfPage\":{\"@id\":\"https:\/\/www.decenniadesign.nl\/product\/borge-jensen-sonner-korinth-tafeltje\/#primaryimage\"},\"image\":{\"@id\":\"https:\/\/www.decenniadesign.nl\/product\/borge-jensen-sonner-korinth-tafeltje\/#primaryimage\"},\"thumbnailUrl\":\"https:\/\/www.decenniadesign.nl\/wp-content\/uploads\/2026\/04\/71837-Bernstorffsminde-bijzettafel-05-1.jpg\",\"datePublished\":\"2026-04-23T13:55:07+00:00\",\"description\":\"B\u00f8rge Jensen & S\u00f8nner Korinth table marked Bernstorffsminde M\u00f8belfabrik (09-65)146. This coffee or side table is made from teak (veneer). Typical Mid Century Modern design from Denmark. Some small scratches but the top is reversible so you can place the best side on top. In a good vintage condition.\",\"breadcrumb\":{\"@id\":\"https:\/\/www.decenniadesign.nl\/product\/borge-jensen-sonner-korinth-tafeltje\/#breadcrumb\"},\"inLanguage\":\"en-US\",\"potentialAction\":[{\"@type\":\"ReadAction\",\"target\":[\"https:\/\/www.decenniadesign.nl\/product\/borge-jensen-sonner-korinth-tafeltje\/\"]}]},{\"@type\":\"ImageObject\",\"inLanguage\":\"en-US\",\"@id\":\"https:\/\/www.decenniadesign.nl\/product\/borge-jensen-sonner-korinth-tafeltje\/#primaryimage\",\"url\":\"https:\/\/www.decenniadesign.nl\/wp-content\/uploads\/2026\/04\/71837-Bernstorffsminde-bijzettafel-05-1.jpg\",\"contentUrl\":\"https:\/\/www.decenniadesign.nl\/wp-content\/uploads\/2026\/04\/71837-Bernstorffsminde-bijzettafel-05-1.jpg\",\"width\":1024,\"height\":1536},{\"@type\":\"BreadcrumbList\",\"@id\":\"https:\/\/www.decenniadesign.nl\/product\/borge-jensen-sonner-korinth-tafeltje\/#breadcrumb\",\"itemListElement\":[{\"@type\":\"ListItem\",\"position\":1,\"name\":\"Home\",\"item\":\"https:\/\/www.decenniadesign.nl\/en\/\"},{\"@type\":\"ListItem\",\"position\":2,\"name\":\"Shop\",\"item\":\"https:\/\/www.decenniadesign.nl\/en\/shop\/\"},{\"@type\":\"ListItem\",\"position\":3,\"name\":\"B\u00f8rge Jensen &#038; S\u00f8nner Korinth table\"}]},{\"@type\":\"WebSite\",\"@id\":\"https:\/\/www.decenniadesign.nl\/en\/#website\",\"url\":\"https:\/\/www.decenniadesign.nl\/en\/\",\"name\":\"Decennia Design\",\"description\":\"Vintage design\",\"publisher\":{\"@id\":\"https:\/\/www.decenniadesign.nl\/en\/#organization\"},\"potentialAction\":[{\"@type\":\"SearchAction\",\"target\":{\"@type\":\"EntryPoint\",\"urlTemplate\":\"https:\/\/www.decenniadesign.nl\/en\/?s={search_term_string}\"},\"query-input\":{\"@type\":\"PropertyValueSpecification\",\"valueRequired\":true,\"valueName\":\"search_term_string\"}}],\"inLanguage\":\"en-US\"},{\"@type\":\"Organization\",\"@id\":\"https:\/\/www.decenniadesign.nl\/en\/#organization\",\"name\":\"Decennia Design\",\"url\":\"https:\/\/www.decenniadesign.nl\/en\/\",\"logo\":{\"@type\":\"ImageObject\",\"inLanguage\":\"en-US\",\"@id\":\"https:\/\/www.decenniadesign.nl\/en\/#\/schema\/logo\/image\/\",\"url\":\"https:\/\/www.decenniadesign.nl\/wp-content\/uploads\/2022\/01\/DECENNIADESIGN.NL-horizontaal.png\",\"contentUrl\":\"https:\/\/www.decenniadesign.nl\/wp-content\/uploads\/2022\/01\/DECENNIADESIGN.NL-horizontaal.png\",\"width\":1654,\"height\":123,\"caption\":\"Decennia Design\"},\"image\":{\"@id\":\"https:\/\/www.decenniadesign.nl\/en\/#\/schema\/logo\/image\/\"},\"sameAs\":[\"https:\/\/www.facebook.com\/Decennia-Design-231647773518270\/\",\"https:\/\/www.instagram.com\/decenniadesign\/\",\"https:\/\/nl.pinterest.com\/decennia\/\"]}]}<\/script>\n<!-- \/ Yoast SEO plugin. -->","yoast_head_json":{"title":"B\u00f8rge Jensen & S\u00f8nner Korinth table - Decennia Design","description":"B\u00f8rge Jensen & S\u00f8nner Korinth table marked Bernstorffsminde M\u00f8belfabrik (09-65)146. This coffee or side table is made from teak (veneer). Typical Mid Century Modern design from Denmark. Some small scratches but the top is reversible so you can place the best side on top. In a good vintage condition.","robots":{"index":"index","follow":"follow","max-snippet":"max-snippet:-1","max-image-preview":"max-image-preview:large","max-video-preview":"max-video-preview:-1"},"canonical":"https:\/\/www.decenniadesign.nl\/product\/borge-jensen-sonner-korinth-tafeltje\/","og_locale":"en_US","og_type":"article","og_title":"B\u00f8rge Jensen & S\u00f8nner Korinth table - Decennia Design","og_description":"B\u00f8rge Jensen & S\u00f8nner Korinth table marked Bernstorffsminde M\u00f8belfabrik (09-65)146. This coffee or side table is made from teak (veneer). Typical Mid Century Modern design from Denmark. Some small scratches but the top is reversible so you can place the best side on top. In a good vintage condition.","og_url":"https:\/\/www.decenniadesign.nl\/product\/borge-jensen-sonner-korinth-tafeltje\/","og_site_name":"Decennia Design","article_publisher":"https:\/\/www.facebook.com\/Decennia-Design-231647773518270\/","og_image":[{"width":1024,"height":1536,"url":"https:\/\/www.decenniadesign.nl\/wp-content\/uploads\/2026\/04\/71837-Bernstorffsminde-bijzettafel-05.jpg","type":"image\/jpeg"}],"twitter_card":"summary_large_image","schema":{"@context":"https:\/\/schema.org","@graph":[{"@type":"WebPage","@id":"https:\/\/www.decenniadesign.nl\/product\/borge-jensen-sonner-korinth-tafeltje\/","url":"https:\/\/www.decenniadesign.nl\/product\/borge-jensen-sonner-korinth-tafeltje\/","name":"B\u00f8rge Jensen & S\u00f8nner Korinth table - Decennia Design","isPartOf":{"@id":"https:\/\/www.decenniadesign.nl\/en\/#website"},"primaryImageOfPage":{"@id":"https:\/\/www.decenniadesign.nl\/product\/borge-jensen-sonner-korinth-tafeltje\/#primaryimage"},"image":{"@id":"https:\/\/www.decenniadesign.nl\/product\/borge-jensen-sonner-korinth-tafeltje\/#primaryimage"},"thumbnailUrl":"https:\/\/www.decenniadesign.nl\/wp-content\/uploads\/2026\/04\/71837-Bernstorffsminde-bijzettafel-05-1.jpg","datePublished":"2026-04-23T13:55:07+00:00","description":"B\u00f8rge Jensen & S\u00f8nner Korinth table marked Bernstorffsminde M\u00f8belfabrik (09-65)146. This coffee or side table is made from teak (veneer). Typical Mid Century Modern design from Denmark. Some small scratches but the top is reversible so you can place the best side on top. In a good vintage condition.","breadcrumb":{"@id":"https:\/\/www.decenniadesign.nl\/product\/borge-jensen-sonner-korinth-tafeltje\/#breadcrumb"},"inLanguage":"en-US","potentialAction":[{"@type":"ReadAction","target":["https:\/\/www.decenniadesign.nl\/product\/borge-jensen-sonner-korinth-tafeltje\/"]}]},{"@type":"ImageObject","inLanguage":"en-US","@id":"https:\/\/www.decenniadesign.nl\/product\/borge-jensen-sonner-korinth-tafeltje\/#primaryimage","url":"https:\/\/www.decenniadesign.nl\/wp-content\/uploads\/2026\/04\/71837-Bernstorffsminde-bijzettafel-05-1.jpg","contentUrl":"https:\/\/www.decenniadesign.nl\/wp-content\/uploads\/2026\/04\/71837-Bernstorffsminde-bijzettafel-05-1.jpg","width":1024,"height":1536},{"@type":"BreadcrumbList","@id":"https:\/\/www.decenniadesign.nl\/product\/borge-jensen-sonner-korinth-tafeltje\/#breadcrumb","itemListElement":[{"@type":"ListItem","position":1,"name":"Home","item":"https:\/\/www.decenniadesign.nl\/en\/"},{"@type":"ListItem","position":2,"name":"Shop","item":"https:\/\/www.decenniadesign.nl\/en\/shop\/"},{"@type":"ListItem","position":3,"name":"B\u00f8rge Jensen &#038; S\u00f8nner Korinth table"}]},{"@type":"WebSite","@id":"https:\/\/www.decenniadesign.nl\/en\/#website","url":"https:\/\/www.decenniadesign.nl\/en\/","name":"Decennia Design","description":"Vintage design","publisher":{"@id":"https:\/\/www.decenniadesign.nl\/en\/#organization"},"potentialAction":[{"@type":"SearchAction","target":{"@type":"EntryPoint","urlTemplate":"https:\/\/www.decenniadesign.nl\/en\/?s={search_term_string}"},"query-input":{"@type":"PropertyValueSpecification","valueRequired":true,"valueName":"search_term_string"}}],"inLanguage":"en-US"},{"@type":"Organization","@id":"https:\/\/www.decenniadesign.nl\/en\/#organization","name":"Decennia Design","url":"https:\/\/www.decenniadesign.nl\/en\/","logo":{"@type":"ImageObject","inLanguage":"en-US","@id":"https:\/\/www.decenniadesign.nl\/en\/#\/schema\/logo\/image\/","url":"https:\/\/www.decenniadesign.nl\/wp-content\/uploads\/2022\/01\/DECENNIADESIGN.NL-horizontaal.png","contentUrl":"https:\/\/www.decenniadesign.nl\/wp-content\/uploads\/2022\/01\/DECENNIADESIGN.NL-horizontaal.png","width":1654,"height":123,"caption":"Decennia Design"},"image":{"@id":"https:\/\/www.decenniadesign.nl\/en\/#\/schema\/logo\/image\/"},"sameAs":["https:\/\/www.facebook.com\/Decennia-Design-231647773518270\/","https:\/\/www.instagram.com\/decenniadesign\/","https:\/\/nl.pinterest.com\/decennia\/"]}]}},"_links":{"self":[{"href":"https:\/\/www.decenniadesign.nl\/en\/wp-json\/wp\/v2\/product\/211560","targetHints":{"allow":["GET"]}}],"collection":[{"href":"https:\/\/www.decenniadesign.nl\/en\/wp-json\/wp\/v2\/product"}],"about":[{"href":"https:\/\/www.decenniadesign.nl\/en\/wp-json\/wp\/v2\/types\/product"}],"replies":[{"embeddable":true,"href":"https:\/\/www.decenniadesign.nl\/en\/wp-json\/wp\/v2\/comments?post=211560"}],"wp:featuredmedia":[{"embeddable":true,"href":"https:\/\/www.decenniadesign.nl\/en\/wp-json\/wp\/v2\/media\/211562"}],"wp:attachment":[{"href":"https:\/\/www.decenniadesign.nl\/en\/wp-json\/wp\/v2\/media?parent=211560"}],"wp:term":[{"taxonomy":"product_brand","embeddable":true,"href":"https:\/\/www.decenniadesign.nl\/en\/wp-json\/wp\/v2\/product_brand?post=211560"},{"taxonomy":"product_cat","embeddable":true,"href":"https:\/\/www.decenniadesign.nl\/en\/wp-json\/wp\/v2\/product_cat?post=211560"},{"taxonomy":"product_tag","embeddable":true,"href":"https:\/\/www.decenniadesign.nl\/en\/wp-json\/wp\/v2\/product_tag?post=211560"}],"curies":[{"name":"wp","href":"https:\/\/api.w.org\/{rel}","templated":true}]}}