{"id":209286,"date":"2026-02-24T11:15:21","date_gmt":"2026-02-24T10:15:21","guid":{"rendered":"https:\/\/www.decenniadesign.nl\/product\/louis-van-teeffelen-for-webe-lounge-chair\/"},"modified":"2026-02-24T11:15:21","modified_gmt":"2026-02-24T10:15:21","slug":"louis-van-teeffelen-for-webe-lounge-chair","status":"publish","type":"product","link":"https:\/\/www.decenniadesign.nl\/en\/product\/louis-van-teeffelen-for-webe-lounge-chair\/","title":{"rendered":"Louis van Teeffelen for W\u00e9b\u00e9 lounge chair"},"content":{"rendered":"<p>Louis van Teeffelen for W\u00e9b\u00e9 lounge chair. This model from the 60&#8217;s is called &#8216;Pelikan&#8217; or &#8216;Scissor&#8217;. A beautiful typical Mid Century design made of teak wood. The Dutch designer was inspired by Danish design but still has his own, recognizable signature. This piece hasn&#8217;t been restored and has some slight damage on the frame which partially can be recovered. The fabric is original and in good condition as well as the foam underneath.<\/p>\n","protected":false},"excerpt":{"rendered":"<p>Louis van Teeffelen for W\u00e9b\u00e9 lounge chair. This model from the 60&#8217;s is called &#8216;Pelikan&#8217; or &#8216;Scissor&#8217;. A beautiful typical Mid Century design made of teak wood. The Dutch designer was inspired by Danish design but still has his own, recognizable signature. This piece hasn&#8217;t been restored and has some slight damage on the frame [&hellip;]<\/p>\n","protected":false},"featured_media":209269,"comment_status":"closed","ping_status":"closed","template":"","meta":{"_acf_changed":false,"site-sidebar-layout":"default","site-content-layout":"","ast-site-content-layout":"default","site-content-style":"default","site-sidebar-style":"default","ast-global-header-display":"","ast-banner-title-visibility":"","ast-main-header-display":"","ast-hfb-above-header-display":"","ast-hfb-below-header-display":"","ast-hfb-mobile-header-display":"","site-post-title":"","ast-breadcrumbs-content":"","ast-featured-img":"","footer-sml-layout":"","ast-disable-related-posts":"","theme-transparent-header-meta":"default","adv-header-id-meta":"","stick-header-meta":"","header-above-stick-meta":"","header-main-stick-meta":"","header-below-stick-meta":"","astra-migrate-meta-layouts":"default","ast-page-background-enabled":"default","ast-page-background-meta":{"desktop":{"background-color":"","background-image":"","background-repeat":"repeat","background-position":"center center","background-size":"auto","background-attachment":"scroll","background-type":"","background-media":"","overlay-type":"","overlay-color":"","overlay-opacity":"","overlay-gradient":""},"tablet":{"background-color":"","background-image":"","background-repeat":"repeat","background-position":"center center","background-size":"auto","background-attachment":"scroll","background-type":"","background-media":"","overlay-type":"","overlay-color":"","overlay-opacity":"","overlay-gradient":""},"mobile":{"background-color":"","background-image":"","background-repeat":"repeat","background-position":"center center","background-size":"auto","background-attachment":"scroll","background-type":"","background-media":"","overlay-type":"","overlay-color":"","overlay-opacity":"","overlay-gradient":""}},"ast-content-background-meta":{"desktop":{"background-color":"var(--ast-global-color-5)","background-image":"","background-repeat":"repeat","background-position":"center center","background-size":"auto","background-attachment":"scroll","background-type":"","background-media":"","overlay-type":"","overlay-color":"","overlay-opacity":"","overlay-gradient":""},"tablet":{"background-color":"var(--ast-global-color-5)","background-image":"","background-repeat":"repeat","background-position":"center center","background-size":"auto","background-attachment":"scroll","background-type":"","background-media":"","overlay-type":"","overlay-color":"","overlay-opacity":"","overlay-gradient":""},"mobile":{"background-color":"var(--ast-global-color-5)","background-image":"","background-repeat":"repeat","background-position":"center center","background-size":"auto","background-attachment":"scroll","background-type":"","background-media":"","overlay-type":"","overlay-color":"","overlay-opacity":"","overlay-gradient":""}}},"product_brand":[],"product_cat":[5106,5145,5169,5082],"product_tag":[],"class_list":{"0":"post-209286","1":"product","2":"type-product","3":"status-publish","4":"has-post-thumbnail","6":"product_cat-fauteuils","7":"product_cat-furniture","8":"product_cat-lounge-chairs","9":"product_cat-meubelen","10":"product_shipping_class-costs-route","11":"product_shipping_class-kosten-route","12":"desktop-align-left","13":"tablet-align-left","14":"mobile-align-left","15":"ast-product-gallery-layout-horizontal-slider","16":"ast-product-tabs-layout-horizontal","18":"first","19":"instock","20":"taxable","21":"shipping-taxable","22":"purchasable","23":"product-type-simple"},"acf":[],"yoast_head":"<!-- This site is optimized with the Yoast SEO plugin v27.2 - https:\/\/yoast.com\/product\/yoast-seo-wordpress\/ -->\n<title>Louis van Teeffelen for W\u00e9b\u00e9 lounge chair - Decennia Design<\/title>\n<meta name=\"description\" content=\"Louis van Teeffelen for W\u00e9b\u00e9 lounge chair. This model from the 60&#039;s is called &#039;Pelikan&#039; or &#039;Scissor&#039;. A beautiful typical Mid Century design made of teak wood. The Dutch designer was inspired by Danish design but still has his own, recognizable signature. This piece hasn&#039;t been restored and has some slight damage on the frame which partially can be recovered. The fabric is original and in good condition as well as the foam underneath.\" \/>\n<meta name=\"robots\" content=\"index, follow, max-snippet:-1, max-image-preview:large, max-video-preview:-1\" \/>\n<link rel=\"canonical\" href=\"https:\/\/www.decenniadesign.nl\/product\/louis-van-teeffelen-voor-webe-fauteuil\/\" \/>\n<meta property=\"og:locale\" content=\"en_US\" \/>\n<meta property=\"og:type\" content=\"article\" \/>\n<meta property=\"og:title\" content=\"Louis van Teeffelen for W\u00e9b\u00e9 lounge chair - Decennia Design\" \/>\n<meta property=\"og:description\" content=\"Louis van Teeffelen for W\u00e9b\u00e9 lounge chair. This model from the 60&#039;s is called &#039;Pelikan&#039; or &#039;Scissor&#039;. A beautiful typical Mid Century design made of teak wood. The Dutch designer was inspired by Danish design but still has his own, recognizable signature. This piece hasn&#039;t been restored and has some slight damage on the frame which partially can be recovered. The fabric is original and in good condition as well as the foam underneath.\" \/>\n<meta property=\"og:url\" content=\"https:\/\/www.decenniadesign.nl\/product\/louis-van-teeffelen-voor-webe-fauteuil\/\" \/>\n<meta property=\"og:site_name\" content=\"Decennia Design\" \/>\n<meta property=\"article:publisher\" content=\"https:\/\/www.facebook.com\/Decennia-Design-231647773518270\/\" \/>\n<meta property=\"og:image\" content=\"https:\/\/www.decenniadesign.nl\/wp-content\/uploads\/2026\/02\/71877-Louis-van-Teeffelen-stoel-01.jpg\" \/>\n\t<meta property=\"og:image:width\" content=\"1024\" \/>\n\t<meta property=\"og:image:height\" content=\"1536\" \/>\n\t<meta property=\"og:image:type\" content=\"image\/jpeg\" \/>\n<meta name=\"twitter:card\" content=\"summary_large_image\" \/>\n<script type=\"application\/ld+json\" class=\"yoast-schema-graph\">{\"@context\":\"https:\/\/schema.org\",\"@graph\":[{\"@type\":\"WebPage\",\"@id\":\"https:\/\/www.decenniadesign.nl\/product\/louis-van-teeffelen-voor-webe-fauteuil\/\",\"url\":\"https:\/\/www.decenniadesign.nl\/product\/louis-van-teeffelen-voor-webe-fauteuil\/\",\"name\":\"Louis van Teeffelen for W\u00e9b\u00e9 lounge chair - Decennia Design\",\"isPartOf\":{\"@id\":\"https:\/\/www.decenniadesign.nl\/en\/#website\"},\"primaryImageOfPage\":{\"@id\":\"https:\/\/www.decenniadesign.nl\/product\/louis-van-teeffelen-voor-webe-fauteuil\/#primaryimage\"},\"image\":{\"@id\":\"https:\/\/www.decenniadesign.nl\/product\/louis-van-teeffelen-voor-webe-fauteuil\/#primaryimage\"},\"thumbnailUrl\":\"https:\/\/www.decenniadesign.nl\/wp-content\/uploads\/2026\/02\/71877-Louis-van-Teeffelen-stoel-01.jpg\",\"datePublished\":\"2026-02-24T10:15:21+00:00\",\"description\":\"Louis van Teeffelen for W\u00e9b\u00e9 lounge chair. This model from the 60's is called 'Pelikan' or 'Scissor'. A beautiful typical Mid Century design made of teak wood. The Dutch designer was inspired by Danish design but still has his own, recognizable signature. This piece hasn't been restored and has some slight damage on the frame which partially can be recovered. The fabric is original and in good condition as well as the foam underneath.\",\"breadcrumb\":{\"@id\":\"https:\/\/www.decenniadesign.nl\/product\/louis-van-teeffelen-voor-webe-fauteuil\/#breadcrumb\"},\"inLanguage\":\"en-US\",\"potentialAction\":[{\"@type\":\"ReadAction\",\"target\":[\"https:\/\/www.decenniadesign.nl\/product\/louis-van-teeffelen-voor-webe-fauteuil\/\"]}]},{\"@type\":\"ImageObject\",\"inLanguage\":\"en-US\",\"@id\":\"https:\/\/www.decenniadesign.nl\/product\/louis-van-teeffelen-voor-webe-fauteuil\/#primaryimage\",\"url\":\"https:\/\/www.decenniadesign.nl\/wp-content\/uploads\/2026\/02\/71877-Louis-van-Teeffelen-stoel-01.jpg\",\"contentUrl\":\"https:\/\/www.decenniadesign.nl\/wp-content\/uploads\/2026\/02\/71877-Louis-van-Teeffelen-stoel-01.jpg\",\"width\":1024,\"height\":1536},{\"@type\":\"BreadcrumbList\",\"@id\":\"https:\/\/www.decenniadesign.nl\/product\/louis-van-teeffelen-voor-webe-fauteuil\/#breadcrumb\",\"itemListElement\":[{\"@type\":\"ListItem\",\"position\":1,\"name\":\"Home\",\"item\":\"https:\/\/www.decenniadesign.nl\/en\/\"},{\"@type\":\"ListItem\",\"position\":2,\"name\":\"Shop\",\"item\":\"https:\/\/www.decenniadesign.nl\/en\/shop\/\"},{\"@type\":\"ListItem\",\"position\":3,\"name\":\"Louis van Teeffelen for W\u00e9b\u00e9 lounge chair\"}]},{\"@type\":\"WebSite\",\"@id\":\"https:\/\/www.decenniadesign.nl\/en\/#website\",\"url\":\"https:\/\/www.decenniadesign.nl\/en\/\",\"name\":\"Decennia Design\",\"description\":\"Vintage design\",\"publisher\":{\"@id\":\"https:\/\/www.decenniadesign.nl\/en\/#organization\"},\"potentialAction\":[{\"@type\":\"SearchAction\",\"target\":{\"@type\":\"EntryPoint\",\"urlTemplate\":\"https:\/\/www.decenniadesign.nl\/en\/?s={search_term_string}\"},\"query-input\":{\"@type\":\"PropertyValueSpecification\",\"valueRequired\":true,\"valueName\":\"search_term_string\"}}],\"inLanguage\":\"en-US\"},{\"@type\":\"Organization\",\"@id\":\"https:\/\/www.decenniadesign.nl\/en\/#organization\",\"name\":\"Decennia Design\",\"url\":\"https:\/\/www.decenniadesign.nl\/en\/\",\"logo\":{\"@type\":\"ImageObject\",\"inLanguage\":\"en-US\",\"@id\":\"https:\/\/www.decenniadesign.nl\/en\/#\/schema\/logo\/image\/\",\"url\":\"https:\/\/www.decenniadesign.nl\/wp-content\/uploads\/2022\/01\/DECENNIADESIGN.NL-horizontaal.png\",\"contentUrl\":\"https:\/\/www.decenniadesign.nl\/wp-content\/uploads\/2022\/01\/DECENNIADESIGN.NL-horizontaal.png\",\"width\":1654,\"height\":123,\"caption\":\"Decennia Design\"},\"image\":{\"@id\":\"https:\/\/www.decenniadesign.nl\/en\/#\/schema\/logo\/image\/\"},\"sameAs\":[\"https:\/\/www.facebook.com\/Decennia-Design-231647773518270\/\",\"https:\/\/www.instagram.com\/decenniadesign\/\",\"https:\/\/nl.pinterest.com\/decennia\/\"]}]}<\/script>\n<!-- \/ Yoast SEO plugin. -->","yoast_head_json":{"title":"Louis van Teeffelen for W\u00e9b\u00e9 lounge chair - Decennia Design","description":"Louis van Teeffelen for W\u00e9b\u00e9 lounge chair. This model from the 60's is called 'Pelikan' or 'Scissor'. A beautiful typical Mid Century design made of teak wood. The Dutch designer was inspired by Danish design but still has his own, recognizable signature. This piece hasn't been restored and has some slight damage on the frame which partially can be recovered. The fabric is original and in good condition as well as the foam underneath.","robots":{"index":"index","follow":"follow","max-snippet":"max-snippet:-1","max-image-preview":"max-image-preview:large","max-video-preview":"max-video-preview:-1"},"canonical":"https:\/\/www.decenniadesign.nl\/product\/louis-van-teeffelen-voor-webe-fauteuil\/","og_locale":"en_US","og_type":"article","og_title":"Louis van Teeffelen for W\u00e9b\u00e9 lounge chair - Decennia Design","og_description":"Louis van Teeffelen for W\u00e9b\u00e9 lounge chair. This model from the 60's is called 'Pelikan' or 'Scissor'. A beautiful typical Mid Century design made of teak wood. The Dutch designer was inspired by Danish design but still has his own, recognizable signature. This piece hasn't been restored and has some slight damage on the frame which partially can be recovered. The fabric is original and in good condition as well as the foam underneath.","og_url":"https:\/\/www.decenniadesign.nl\/product\/louis-van-teeffelen-voor-webe-fauteuil\/","og_site_name":"Decennia Design","article_publisher":"https:\/\/www.facebook.com\/Decennia-Design-231647773518270\/","og_image":[{"width":1024,"height":1536,"url":"https:\/\/www.decenniadesign.nl\/wp-content\/uploads\/2026\/02\/71877-Louis-van-Teeffelen-stoel-01.jpg","type":"image\/jpeg"}],"twitter_card":"summary_large_image","schema":{"@context":"https:\/\/schema.org","@graph":[{"@type":"WebPage","@id":"https:\/\/www.decenniadesign.nl\/product\/louis-van-teeffelen-voor-webe-fauteuil\/","url":"https:\/\/www.decenniadesign.nl\/product\/louis-van-teeffelen-voor-webe-fauteuil\/","name":"Louis van Teeffelen for W\u00e9b\u00e9 lounge chair - Decennia Design","isPartOf":{"@id":"https:\/\/www.decenniadesign.nl\/en\/#website"},"primaryImageOfPage":{"@id":"https:\/\/www.decenniadesign.nl\/product\/louis-van-teeffelen-voor-webe-fauteuil\/#primaryimage"},"image":{"@id":"https:\/\/www.decenniadesign.nl\/product\/louis-van-teeffelen-voor-webe-fauteuil\/#primaryimage"},"thumbnailUrl":"https:\/\/www.decenniadesign.nl\/wp-content\/uploads\/2026\/02\/71877-Louis-van-Teeffelen-stoel-01.jpg","datePublished":"2026-02-24T10:15:21+00:00","description":"Louis van Teeffelen for W\u00e9b\u00e9 lounge chair. This model from the 60's is called 'Pelikan' or 'Scissor'. A beautiful typical Mid Century design made of teak wood. The Dutch designer was inspired by Danish design but still has his own, recognizable signature. This piece hasn't been restored and has some slight damage on the frame which partially can be recovered. The fabric is original and in good condition as well as the foam underneath.","breadcrumb":{"@id":"https:\/\/www.decenniadesign.nl\/product\/louis-van-teeffelen-voor-webe-fauteuil\/#breadcrumb"},"inLanguage":"en-US","potentialAction":[{"@type":"ReadAction","target":["https:\/\/www.decenniadesign.nl\/product\/louis-van-teeffelen-voor-webe-fauteuil\/"]}]},{"@type":"ImageObject","inLanguage":"en-US","@id":"https:\/\/www.decenniadesign.nl\/product\/louis-van-teeffelen-voor-webe-fauteuil\/#primaryimage","url":"https:\/\/www.decenniadesign.nl\/wp-content\/uploads\/2026\/02\/71877-Louis-van-Teeffelen-stoel-01.jpg","contentUrl":"https:\/\/www.decenniadesign.nl\/wp-content\/uploads\/2026\/02\/71877-Louis-van-Teeffelen-stoel-01.jpg","width":1024,"height":1536},{"@type":"BreadcrumbList","@id":"https:\/\/www.decenniadesign.nl\/product\/louis-van-teeffelen-voor-webe-fauteuil\/#breadcrumb","itemListElement":[{"@type":"ListItem","position":1,"name":"Home","item":"https:\/\/www.decenniadesign.nl\/en\/"},{"@type":"ListItem","position":2,"name":"Shop","item":"https:\/\/www.decenniadesign.nl\/en\/shop\/"},{"@type":"ListItem","position":3,"name":"Louis van Teeffelen for W\u00e9b\u00e9 lounge chair"}]},{"@type":"WebSite","@id":"https:\/\/www.decenniadesign.nl\/en\/#website","url":"https:\/\/www.decenniadesign.nl\/en\/","name":"Decennia Design","description":"Vintage design","publisher":{"@id":"https:\/\/www.decenniadesign.nl\/en\/#organization"},"potentialAction":[{"@type":"SearchAction","target":{"@type":"EntryPoint","urlTemplate":"https:\/\/www.decenniadesign.nl\/en\/?s={search_term_string}"},"query-input":{"@type":"PropertyValueSpecification","valueRequired":true,"valueName":"search_term_string"}}],"inLanguage":"en-US"},{"@type":"Organization","@id":"https:\/\/www.decenniadesign.nl\/en\/#organization","name":"Decennia Design","url":"https:\/\/www.decenniadesign.nl\/en\/","logo":{"@type":"ImageObject","inLanguage":"en-US","@id":"https:\/\/www.decenniadesign.nl\/en\/#\/schema\/logo\/image\/","url":"https:\/\/www.decenniadesign.nl\/wp-content\/uploads\/2022\/01\/DECENNIADESIGN.NL-horizontaal.png","contentUrl":"https:\/\/www.decenniadesign.nl\/wp-content\/uploads\/2022\/01\/DECENNIADESIGN.NL-horizontaal.png","width":1654,"height":123,"caption":"Decennia Design"},"image":{"@id":"https:\/\/www.decenniadesign.nl\/en\/#\/schema\/logo\/image\/"},"sameAs":["https:\/\/www.facebook.com\/Decennia-Design-231647773518270\/","https:\/\/www.instagram.com\/decenniadesign\/","https:\/\/nl.pinterest.com\/decennia\/"]}]}},"_links":{"self":[{"href":"https:\/\/www.decenniadesign.nl\/en\/wp-json\/wp\/v2\/product\/209286","targetHints":{"allow":["GET"]}}],"collection":[{"href":"https:\/\/www.decenniadesign.nl\/en\/wp-json\/wp\/v2\/product"}],"about":[{"href":"https:\/\/www.decenniadesign.nl\/en\/wp-json\/wp\/v2\/types\/product"}],"replies":[{"embeddable":true,"href":"https:\/\/www.decenniadesign.nl\/en\/wp-json\/wp\/v2\/comments?post=209286"}],"wp:featuredmedia":[{"embeddable":true,"href":"https:\/\/www.decenniadesign.nl\/en\/wp-json\/wp\/v2\/media\/209269"}],"wp:attachment":[{"href":"https:\/\/www.decenniadesign.nl\/en\/wp-json\/wp\/v2\/media?parent=209286"}],"wp:term":[{"taxonomy":"product_brand","embeddable":true,"href":"https:\/\/www.decenniadesign.nl\/en\/wp-json\/wp\/v2\/product_brand?post=209286"},{"taxonomy":"product_cat","embeddable":true,"href":"https:\/\/www.decenniadesign.nl\/en\/wp-json\/wp\/v2\/product_cat?post=209286"},{"taxonomy":"product_tag","embeddable":true,"href":"https:\/\/www.decenniadesign.nl\/en\/wp-json\/wp\/v2\/product_tag?post=209286"}],"curies":[{"name":"wp","href":"https:\/\/api.w.org\/{rel}","templated":true}]}}