{"id":208134,"date":"2026-01-15T12:20:13","date_gmt":"2026-01-15T11:20:13","guid":{"rendered":"https:\/\/www.decenniadesign.nl\/?post_type=product&#038;p=208134"},"modified":"2026-01-15T13:28:02","modified_gmt":"2026-01-15T12:28:02","slug":"ash-tray-ultima-15","status":"publish","type":"product","link":"https:\/\/www.decenniadesign.nl\/en\/product\/ash-tray-ultima-15\/","title":{"rendered":"Ash tray Ultima 15"},"content":{"rendered":"<p>Ash tray Ultima 15 designed in the sixties by Danish designers Bo Ljunsberg and Holger B\u00e4ckstr\u00f6m for manufacturer Diverse Ting Malm\u00f6 Sweden. A typical Mid Century Modern design. The ash tray is easy to clean by lifting up the lid.<br \/>\nOf course there are traces of use but furthermore it is in good vintage condition.<\/p>\n","protected":false},"excerpt":{"rendered":"<p>Ash tray Ultima 15 designed in the sixties by Danish designers Bo Ljunsberg and Holger B\u00e4ckstr\u00f6m for manufacturer Diverse Ting Malm\u00f6 Sweden. A typical Mid Century Modern design. The ash tray is easy to clean by lifting up the lid. Of course there are traces of use but furthermore it is in good vintage condition.<\/p>\n","protected":false},"featured_media":208153,"comment_status":"closed","ping_status":"closed","template":"","meta":{"_acf_changed":false,"site-sidebar-layout":"default","site-content-layout":"","ast-site-content-layout":"default","site-content-style":"default","site-sidebar-style":"default","ast-global-header-display":"","ast-banner-title-visibility":"","ast-main-header-display":"","ast-hfb-above-header-display":"","ast-hfb-below-header-display":"","ast-hfb-mobile-header-display":"","site-post-title":"","ast-breadcrumbs-content":"","ast-featured-img":"","footer-sml-layout":"","ast-disable-related-posts":"","theme-transparent-header-meta":"default","adv-header-id-meta":"","stick-header-meta":"","header-above-stick-meta":"","header-main-stick-meta":"","header-below-stick-meta":"","astra-migrate-meta-layouts":"set","ast-page-background-enabled":"default","ast-page-background-meta":{"desktop":{"background-color":"","background-image":"","background-repeat":"repeat","background-position":"center center","background-size":"auto","background-attachment":"scroll","background-type":"","background-media":"","overlay-type":"","overlay-color":"","overlay-opacity":"","overlay-gradient":""},"tablet":{"background-color":"","background-image":"","background-repeat":"repeat","background-position":"center center","background-size":"auto","background-attachment":"scroll","background-type":"","background-media":"","overlay-type":"","overlay-color":"","overlay-opacity":"","overlay-gradient":""},"mobile":{"background-color":"","background-image":"","background-repeat":"repeat","background-position":"center center","background-size":"auto","background-attachment":"scroll","background-type":"","background-media":"","overlay-type":"","overlay-color":"","overlay-opacity":"","overlay-gradient":""}},"ast-content-background-meta":{"desktop":{"background-color":"var(--ast-global-color-5)","background-image":"","background-repeat":"repeat","background-position":"center center","background-size":"auto","background-attachment":"scroll","background-type":"","background-media":"","overlay-type":"","overlay-color":"","overlay-opacity":"","overlay-gradient":""},"tablet":{"background-color":"var(--ast-global-color-5)","background-image":"","background-repeat":"repeat","background-position":"center center","background-size":"auto","background-attachment":"scroll","background-type":"","background-media":"","overlay-type":"","overlay-color":"","overlay-opacity":"","overlay-gradient":""},"mobile":{"background-color":"var(--ast-global-color-5)","background-image":"","background-repeat":"repeat","background-position":"center center","background-size":"auto","background-attachment":"scroll","background-type":"","background-media":"","overlay-type":"","overlay-color":"","overlay-opacity":"","overlay-gradient":""}}},"product_brand":[],"product_cat":[5147,5159],"product_tag":[],"class_list":{"0":"post-208134","1":"product","2":"type-product","3":"status-publish","4":"has-post-thumbnail","6":"product_cat-accessories","7":"product_cat-decorative","8":"product_shipping_class-normal-size","9":"desktop-align-left","10":"tablet-align-left","11":"mobile-align-left","12":"ast-product-gallery-layout-horizontal-slider","13":"ast-product-tabs-layout-horizontal","15":"first","16":"instock","17":"taxable","18":"shipping-taxable","19":"purchasable","20":"product-type-simple"},"acf":[],"yoast_head":"<!-- This site is optimized with the Yoast SEO plugin v27.5 - https:\/\/yoast.com\/product\/yoast-seo-wordpress\/ -->\n<title>Ash tray Ultima 15 - Decennia Design<\/title>\n<meta name=\"description\" content=\"Ash tray Ultima 15 designed in the sixties by Danish designers Bo Ljunsberg and Holger B\u00e4ckstr\u00f6m for manufacturer Diverse Ting Malm\u00f6 Sweden. A typical Mid Century Modern design. The ash tray is easy to clean by lifting up the lid. On platforms this design will easily cost you hundreds of euros. Of course there are traces of use but furthermore it is in good vintage condition.\" \/>\n<meta name=\"robots\" content=\"index, follow, max-snippet:-1, max-image-preview:large, max-video-preview:-1\" \/>\n<link rel=\"canonical\" href=\"https:\/\/www.decenniadesign.nl\/en\/product\/ash-tray-ultima-15\/\" \/>\n<meta property=\"og:locale\" content=\"en_US\" \/>\n<meta property=\"og:type\" content=\"article\" \/>\n<meta property=\"og:title\" content=\"Ash tray Ultima 15 - Decennia Design\" \/>\n<meta property=\"og:description\" content=\"Ash tray Ultima 15 designed in the sixties by Danish designers Bo Ljunsberg and Holger B\u00e4ckstr\u00f6m for manufacturer Diverse Ting Malm\u00f6 Sweden. A typical Mid Century Modern design. The ash tray is easy to clean by lifting up the lid. On platforms this design will easily cost you hundreds of euros. Of course there are traces of use but furthermore it is in good vintage condition.\" \/>\n<meta property=\"og:url\" content=\"https:\/\/www.decenniadesign.nl\/en\/product\/ash-tray-ultima-15\/\" \/>\n<meta property=\"og:site_name\" content=\"Decennia Design\" \/>\n<meta property=\"article:publisher\" content=\"https:\/\/www.facebook.com\/Decennia-Design-231647773518270\/\" \/>\n<meta property=\"article:modified_time\" content=\"2026-01-15T12:28:02+00:00\" \/>\n<meta property=\"og:image\" content=\"https:\/\/www.decenniadesign.nl\/wp-content\/uploads\/2026\/01\/71308-Ultima-15-asbak01.jpg\" \/>\n\t<meta property=\"og:image:width\" content=\"1024\" \/>\n\t<meta property=\"og:image:height\" content=\"1536\" \/>\n\t<meta property=\"og:image:type\" content=\"image\/jpeg\" \/>\n<meta name=\"twitter:card\" content=\"summary_large_image\" \/>\n<meta name=\"twitter:label1\" content=\"Est. reading time\" \/>\n\t<meta name=\"twitter:data1\" content=\"1 minute\" \/>\n<script type=\"application\/ld+json\" class=\"yoast-schema-graph\">{\"@context\":\"https:\\\/\\\/schema.org\",\"@graph\":[{\"@type\":\"WebPage\",\"@id\":\"https:\\\/\\\/www.decenniadesign.nl\\\/en\\\/product\\\/ash-tray-ultima-15\\\/\",\"url\":\"https:\\\/\\\/www.decenniadesign.nl\\\/en\\\/product\\\/ash-tray-ultima-15\\\/\",\"name\":\"Ash tray Ultima 15 - Decennia Design\",\"isPartOf\":{\"@id\":\"https:\\\/\\\/www.decenniadesign.nl\\\/en\\\/#website\"},\"primaryImageOfPage\":{\"@id\":\"https:\\\/\\\/www.decenniadesign.nl\\\/en\\\/product\\\/ash-tray-ultima-15\\\/#primaryimage\"},\"image\":{\"@id\":\"https:\\\/\\\/www.decenniadesign.nl\\\/en\\\/product\\\/ash-tray-ultima-15\\\/#primaryimage\"},\"thumbnailUrl\":\"https:\\\/\\\/www.decenniadesign.nl\\\/wp-content\\\/uploads\\\/2026\\\/01\\\/71308-Ultima-15-asbak01.jpg\",\"datePublished\":\"2026-01-15T11:20:13+00:00\",\"dateModified\":\"2026-01-15T12:28:02+00:00\",\"description\":\"Ash tray Ultima 15 designed in the sixties by Danish designers Bo Ljunsberg and Holger B\u00e4ckstr\u00f6m for manufacturer Diverse Ting Malm\u00f6 Sweden. A typical Mid Century Modern design. The ash tray is easy to clean by lifting up the lid. On platforms this design will easily cost you hundreds of euros. Of course there are traces of use but furthermore it is in good vintage condition.\",\"breadcrumb\":{\"@id\":\"https:\\\/\\\/www.decenniadesign.nl\\\/en\\\/product\\\/ash-tray-ultima-15\\\/#breadcrumb\"},\"inLanguage\":\"en-US\",\"potentialAction\":[{\"@type\":\"ReadAction\",\"target\":[\"https:\\\/\\\/www.decenniadesign.nl\\\/en\\\/product\\\/ash-tray-ultima-15\\\/\"]}]},{\"@type\":\"ImageObject\",\"inLanguage\":\"en-US\",\"@id\":\"https:\\\/\\\/www.decenniadesign.nl\\\/en\\\/product\\\/ash-tray-ultima-15\\\/#primaryimage\",\"url\":\"https:\\\/\\\/www.decenniadesign.nl\\\/wp-content\\\/uploads\\\/2026\\\/01\\\/71308-Ultima-15-asbak01.jpg\",\"contentUrl\":\"https:\\\/\\\/www.decenniadesign.nl\\\/wp-content\\\/uploads\\\/2026\\\/01\\\/71308-Ultima-15-asbak01.jpg\",\"width\":1024,\"height\":1536},{\"@type\":\"BreadcrumbList\",\"@id\":\"https:\\\/\\\/www.decenniadesign.nl\\\/en\\\/product\\\/ash-tray-ultima-15\\\/#breadcrumb\",\"itemListElement\":[{\"@type\":\"ListItem\",\"position\":1,\"name\":\"Home\",\"item\":\"https:\\\/\\\/www.decenniadesign.nl\\\/\"},{\"@type\":\"ListItem\",\"position\":2,\"name\":\"Shop\",\"item\":\"https:\\\/\\\/www.decenniadesign.nl\\\/winkel\\\/\"},{\"@type\":\"ListItem\",\"position\":3,\"name\":\"Ash tray Ultima 15\"}]},{\"@type\":\"WebSite\",\"@id\":\"https:\\\/\\\/www.decenniadesign.nl\\\/en\\\/#website\",\"url\":\"https:\\\/\\\/www.decenniadesign.nl\\\/en\\\/\",\"name\":\"Decennia Design\",\"description\":\"Vintage design\",\"publisher\":{\"@id\":\"https:\\\/\\\/www.decenniadesign.nl\\\/en\\\/#organization\"},\"potentialAction\":[{\"@type\":\"SearchAction\",\"target\":{\"@type\":\"EntryPoint\",\"urlTemplate\":\"https:\\\/\\\/www.decenniadesign.nl\\\/en\\\/?s={search_term_string}\"},\"query-input\":{\"@type\":\"PropertyValueSpecification\",\"valueRequired\":true,\"valueName\":\"search_term_string\"}}],\"inLanguage\":\"en-US\"},{\"@type\":\"Organization\",\"@id\":\"https:\\\/\\\/www.decenniadesign.nl\\\/en\\\/#organization\",\"name\":\"Decennia Design\",\"url\":\"https:\\\/\\\/www.decenniadesign.nl\\\/en\\\/\",\"logo\":{\"@type\":\"ImageObject\",\"inLanguage\":\"en-US\",\"@id\":\"https:\\\/\\\/www.decenniadesign.nl\\\/en\\\/#\\\/schema\\\/logo\\\/image\\\/\",\"url\":\"https:\\\/\\\/www.decenniadesign.nl\\\/wp-content\\\/uploads\\\/2022\\\/01\\\/DECENNIADESIGN.NL-horizontaal.png\",\"contentUrl\":\"https:\\\/\\\/www.decenniadesign.nl\\\/wp-content\\\/uploads\\\/2022\\\/01\\\/DECENNIADESIGN.NL-horizontaal.png\",\"width\":1654,\"height\":123,\"caption\":\"Decennia Design\"},\"image\":{\"@id\":\"https:\\\/\\\/www.decenniadesign.nl\\\/en\\\/#\\\/schema\\\/logo\\\/image\\\/\"},\"sameAs\":[\"https:\\\/\\\/www.facebook.com\\\/Decennia-Design-231647773518270\\\/\",\"https:\\\/\\\/www.instagram.com\\\/decenniadesign\\\/\",\"https:\\\/\\\/nl.pinterest.com\\\/decennia\\\/\"]}]}<\/script>\n<!-- \/ Yoast SEO plugin. -->","yoast_head_json":{"title":"Ash tray Ultima 15 - Decennia Design","description":"Ash tray Ultima 15 designed in the sixties by Danish designers Bo Ljunsberg and Holger B\u00e4ckstr\u00f6m for manufacturer Diverse Ting Malm\u00f6 Sweden. A typical Mid Century Modern design. The ash tray is easy to clean by lifting up the lid. On platforms this design will easily cost you hundreds of euros. Of course there are traces of use but furthermore it is in good vintage condition.","robots":{"index":"index","follow":"follow","max-snippet":"max-snippet:-1","max-image-preview":"max-image-preview:large","max-video-preview":"max-video-preview:-1"},"canonical":"https:\/\/www.decenniadesign.nl\/en\/product\/ash-tray-ultima-15\/","og_locale":"en_US","og_type":"article","og_title":"Ash tray Ultima 15 - Decennia Design","og_description":"Ash tray Ultima 15 designed in the sixties by Danish designers Bo Ljunsberg and Holger B\u00e4ckstr\u00f6m for manufacturer Diverse Ting Malm\u00f6 Sweden. A typical Mid Century Modern design. The ash tray is easy to clean by lifting up the lid. On platforms this design will easily cost you hundreds of euros. Of course there are traces of use but furthermore it is in good vintage condition.","og_url":"https:\/\/www.decenniadesign.nl\/en\/product\/ash-tray-ultima-15\/","og_site_name":"Decennia Design","article_publisher":"https:\/\/www.facebook.com\/Decennia-Design-231647773518270\/","article_modified_time":"2026-01-15T12:28:02+00:00","og_image":[{"width":1024,"height":1536,"url":"https:\/\/www.decenniadesign.nl\/wp-content\/uploads\/2026\/01\/71308-Ultima-15-asbak01.jpg","type":"image\/jpeg"}],"twitter_card":"summary_large_image","twitter_misc":{"Est. reading time":"1 minute"},"schema":{"@context":"https:\/\/schema.org","@graph":[{"@type":"WebPage","@id":"https:\/\/www.decenniadesign.nl\/en\/product\/ash-tray-ultima-15\/","url":"https:\/\/www.decenniadesign.nl\/en\/product\/ash-tray-ultima-15\/","name":"Ash tray Ultima 15 - Decennia Design","isPartOf":{"@id":"https:\/\/www.decenniadesign.nl\/en\/#website"},"primaryImageOfPage":{"@id":"https:\/\/www.decenniadesign.nl\/en\/product\/ash-tray-ultima-15\/#primaryimage"},"image":{"@id":"https:\/\/www.decenniadesign.nl\/en\/product\/ash-tray-ultima-15\/#primaryimage"},"thumbnailUrl":"https:\/\/www.decenniadesign.nl\/wp-content\/uploads\/2026\/01\/71308-Ultima-15-asbak01.jpg","datePublished":"2026-01-15T11:20:13+00:00","dateModified":"2026-01-15T12:28:02+00:00","description":"Ash tray Ultima 15 designed in the sixties by Danish designers Bo Ljunsberg and Holger B\u00e4ckstr\u00f6m for manufacturer Diverse Ting Malm\u00f6 Sweden. A typical Mid Century Modern design. The ash tray is easy to clean by lifting up the lid. On platforms this design will easily cost you hundreds of euros. Of course there are traces of use but furthermore it is in good vintage condition.","breadcrumb":{"@id":"https:\/\/www.decenniadesign.nl\/en\/product\/ash-tray-ultima-15\/#breadcrumb"},"inLanguage":"en-US","potentialAction":[{"@type":"ReadAction","target":["https:\/\/www.decenniadesign.nl\/en\/product\/ash-tray-ultima-15\/"]}]},{"@type":"ImageObject","inLanguage":"en-US","@id":"https:\/\/www.decenniadesign.nl\/en\/product\/ash-tray-ultima-15\/#primaryimage","url":"https:\/\/www.decenniadesign.nl\/wp-content\/uploads\/2026\/01\/71308-Ultima-15-asbak01.jpg","contentUrl":"https:\/\/www.decenniadesign.nl\/wp-content\/uploads\/2026\/01\/71308-Ultima-15-asbak01.jpg","width":1024,"height":1536},{"@type":"BreadcrumbList","@id":"https:\/\/www.decenniadesign.nl\/en\/product\/ash-tray-ultima-15\/#breadcrumb","itemListElement":[{"@type":"ListItem","position":1,"name":"Home","item":"https:\/\/www.decenniadesign.nl\/"},{"@type":"ListItem","position":2,"name":"Shop","item":"https:\/\/www.decenniadesign.nl\/winkel\/"},{"@type":"ListItem","position":3,"name":"Ash tray Ultima 15"}]},{"@type":"WebSite","@id":"https:\/\/www.decenniadesign.nl\/en\/#website","url":"https:\/\/www.decenniadesign.nl\/en\/","name":"Decennia Design","description":"Vintage design","publisher":{"@id":"https:\/\/www.decenniadesign.nl\/en\/#organization"},"potentialAction":[{"@type":"SearchAction","target":{"@type":"EntryPoint","urlTemplate":"https:\/\/www.decenniadesign.nl\/en\/?s={search_term_string}"},"query-input":{"@type":"PropertyValueSpecification","valueRequired":true,"valueName":"search_term_string"}}],"inLanguage":"en-US"},{"@type":"Organization","@id":"https:\/\/www.decenniadesign.nl\/en\/#organization","name":"Decennia Design","url":"https:\/\/www.decenniadesign.nl\/en\/","logo":{"@type":"ImageObject","inLanguage":"en-US","@id":"https:\/\/www.decenniadesign.nl\/en\/#\/schema\/logo\/image\/","url":"https:\/\/www.decenniadesign.nl\/wp-content\/uploads\/2022\/01\/DECENNIADESIGN.NL-horizontaal.png","contentUrl":"https:\/\/www.decenniadesign.nl\/wp-content\/uploads\/2022\/01\/DECENNIADESIGN.NL-horizontaal.png","width":1654,"height":123,"caption":"Decennia Design"},"image":{"@id":"https:\/\/www.decenniadesign.nl\/en\/#\/schema\/logo\/image\/"},"sameAs":["https:\/\/www.facebook.com\/Decennia-Design-231647773518270\/","https:\/\/www.instagram.com\/decenniadesign\/","https:\/\/nl.pinterest.com\/decennia\/"]}]}},"_links":{"self":[{"href":"https:\/\/www.decenniadesign.nl\/en\/wp-json\/wp\/v2\/product\/208134","targetHints":{"allow":["GET"]}}],"collection":[{"href":"https:\/\/www.decenniadesign.nl\/en\/wp-json\/wp\/v2\/product"}],"about":[{"href":"https:\/\/www.decenniadesign.nl\/en\/wp-json\/wp\/v2\/types\/product"}],"replies":[{"embeddable":true,"href":"https:\/\/www.decenniadesign.nl\/en\/wp-json\/wp\/v2\/comments?post=208134"}],"wp:featuredmedia":[{"embeddable":true,"href":"https:\/\/www.decenniadesign.nl\/en\/wp-json\/wp\/v2\/media\/208153"}],"wp:attachment":[{"href":"https:\/\/www.decenniadesign.nl\/en\/wp-json\/wp\/v2\/media?parent=208134"}],"wp:term":[{"taxonomy":"product_brand","embeddable":true,"href":"https:\/\/www.decenniadesign.nl\/en\/wp-json\/wp\/v2\/product_brand?post=208134"},{"taxonomy":"product_cat","embeddable":true,"href":"https:\/\/www.decenniadesign.nl\/en\/wp-json\/wp\/v2\/product_cat?post=208134"},{"taxonomy":"product_tag","embeddable":true,"href":"https:\/\/www.decenniadesign.nl\/en\/wp-json\/wp\/v2\/product_tag?post=208134"}],"curies":[{"name":"wp","href":"https:\/\/api.w.org\/{rel}","templated":true}]}}