{"id":203564,"date":"2025-07-03T16:15:04","date_gmt":"2025-07-03T14:15:04","guid":{"rendered":"https:\/\/www.decenniadesign.nl\/product\/set-of-4-moller-chairs\/"},"modified":"2025-07-03T16:15:04","modified_gmt":"2025-07-03T14:15:04","slug":"set-of-4-moller-chairs","status":"publish","type":"product","link":"https:\/\/www.decenniadesign.nl\/en\/product\/set-of-4-moller-chairs\/","title":{"rendered":"Set of 4 M\u00f8ller chairs"},"content":{"rendered":"<p>Set of 4 M\u00f8ller chairs model no. 82 designed by Niels Otto M\u00f8ller and produced in Denmark. Apart from the stability and comfortability, these chairs are also very beautiful with their organic shapen teak wooden frame. The dining room chairs have been reupholstered with a good quality fabric. The foam is also replaced.<br \/>\nThey are in a good vintage condition.<\/p>\n","protected":false},"excerpt":{"rendered":"<p>Set of 4 M\u00f8ller chairs model no. 82 designed by Niels Otto M\u00f8ller and produced in Denmark. Apart from the stability and comfortability, these chairs are also very beautiful with their organic shapen teak wooden frame. The dining room chairs have been reupholstered with a good quality fabric. The foam is also replaced. They are [&hellip;]<\/p>\n","protected":false},"featured_media":203563,"comment_status":"closed","ping_status":"closed","template":"","meta":{"_acf_changed":false,"site-sidebar-layout":"default","site-content-layout":"","ast-site-content-layout":"default","site-content-style":"default","site-sidebar-style":"default","ast-global-header-display":"","ast-banner-title-visibility":"","ast-main-header-display":"","ast-hfb-above-header-display":"","ast-hfb-below-header-display":"","ast-hfb-mobile-header-display":"","site-post-title":"","ast-breadcrumbs-content":"","ast-featured-img":"","footer-sml-layout":"","ast-disable-related-posts":"","theme-transparent-header-meta":"default","adv-header-id-meta":"","stick-header-meta":"","header-above-stick-meta":"","header-main-stick-meta":"","header-below-stick-meta":"","astra-migrate-meta-layouts":"default","ast-page-background-enabled":"default","ast-page-background-meta":{"desktop":{"background-color":"","background-image":"","background-repeat":"repeat","background-position":"center center","background-size":"auto","background-attachment":"scroll","background-type":"","background-media":"","overlay-type":"","overlay-color":"","overlay-opacity":"","overlay-gradient":""},"tablet":{"background-color":"","background-image":"","background-repeat":"repeat","background-position":"center center","background-size":"auto","background-attachment":"scroll","background-type":"","background-media":"","overlay-type":"","overlay-color":"","overlay-opacity":"","overlay-gradient":""},"mobile":{"background-color":"","background-image":"","background-repeat":"repeat","background-position":"center center","background-size":"auto","background-attachment":"scroll","background-type":"","background-media":"","overlay-type":"","overlay-color":"","overlay-opacity":"","overlay-gradient":""}},"ast-content-background-meta":{"desktop":{"background-color":"var(--ast-global-color-5)","background-image":"","background-repeat":"repeat","background-position":"center center","background-size":"auto","background-attachment":"scroll","background-type":"","background-media":"","overlay-type":"","overlay-color":"","overlay-opacity":"","overlay-gradient":""},"tablet":{"background-color":"var(--ast-global-color-5)","background-image":"","background-repeat":"repeat","background-position":"center center","background-size":"auto","background-attachment":"scroll","background-type":"","background-media":"","overlay-type":"","overlay-color":"","overlay-opacity":"","overlay-gradient":""},"mobile":{"background-color":"var(--ast-global-color-5)","background-image":"","background-repeat":"repeat","background-position":"center center","background-size":"auto","background-attachment":"scroll","background-type":"","background-media":"","overlay-type":"","overlay-color":"","overlay-opacity":"","overlay-gradient":""}}},"product_brand":[],"product_cat":[5170,5145],"product_tag":[],"class_list":{"0":"post-203564","1":"product","2":"type-product","3":"status-publish","4":"has-post-thumbnail","6":"product_cat-chairs","7":"product_cat-furniture","8":"product_shipping_class-costs-route","9":"desktop-align-left","10":"tablet-align-left","11":"mobile-align-left","12":"ast-product-gallery-layout-horizontal-slider","13":"ast-product-tabs-layout-horizontal","15":"first","16":"instock","17":"taxable","18":"shipping-taxable","19":"purchasable","20":"product-type-simple"},"acf":[],"yoast_head":"<!-- This site is optimized with the Yoast SEO plugin v27.5 - https:\/\/yoast.com\/product\/yoast-seo-wordpress\/ -->\n<title>Set of 4 M\u00f8ller chairs - Decennia Design<\/title>\n<meta name=\"description\" content=\"Set of 4 M\u00f8ller chairs model no. 82 designed by Niels Otto M\u00f8ller and produced in Denmark. Apart from the stability and comfortability, these chairs are also very beautiful with their organic shapen teak wooden frame. The dining room chairs have been reupholstered with a good quality fabric. The foam is also replaced. They are in a good vintage condition.\" \/>\n<meta name=\"robots\" content=\"index, follow, max-snippet:-1, max-image-preview:large, max-video-preview:-1\" \/>\n<link rel=\"canonical\" href=\"https:\/\/www.decenniadesign.nl\/product\/set-van-4-moller-stoelen\/\" \/>\n<meta property=\"og:locale\" content=\"en_US\" \/>\n<meta property=\"og:type\" content=\"article\" \/>\n<meta property=\"og:title\" content=\"Set of 4 M\u00f8ller chairs - Decennia Design\" \/>\n<meta property=\"og:description\" content=\"Set of 4 M\u00f8ller chairs model no. 82 designed by Niels Otto M\u00f8ller and produced in Denmark. Apart from the stability and comfortability, these chairs are also very beautiful with their organic shapen teak wooden frame. The dining room chairs have been reupholstered with a good quality fabric. The foam is also replaced. They are in a good vintage condition.\" \/>\n<meta property=\"og:url\" content=\"https:\/\/www.decenniadesign.nl\/product\/set-van-4-moller-stoelen\/\" \/>\n<meta property=\"og:site_name\" content=\"Decennia Design\" \/>\n<meta property=\"article:publisher\" content=\"https:\/\/www.facebook.com\/Decennia-Design-231647773518270\/\" \/>\n<meta property=\"og:image\" content=\"https:\/\/www.decenniadesign.nl\/wp-content\/uploads\/2025\/07\/71550-Moller-nr82-stoelen-01.jpg\" \/>\n\t<meta property=\"og:image:width\" content=\"1024\" \/>\n\t<meta property=\"og:image:height\" content=\"1536\" \/>\n\t<meta property=\"og:image:type\" content=\"image\/jpeg\" \/>\n<meta name=\"twitter:card\" content=\"summary_large_image\" \/>\n<script type=\"application\/ld+json\" class=\"yoast-schema-graph\">{\"@context\":\"https:\\\/\\\/schema.org\",\"@graph\":[{\"@type\":\"WebPage\",\"@id\":\"https:\\\/\\\/www.decenniadesign.nl\\\/product\\\/set-van-4-moller-stoelen\\\/\",\"url\":\"https:\\\/\\\/www.decenniadesign.nl\\\/product\\\/set-van-4-moller-stoelen\\\/\",\"name\":\"Set of 4 M\u00f8ller chairs - Decennia Design\",\"isPartOf\":{\"@id\":\"https:\\\/\\\/www.decenniadesign.nl\\\/en\\\/#website\"},\"primaryImageOfPage\":{\"@id\":\"https:\\\/\\\/www.decenniadesign.nl\\\/product\\\/set-van-4-moller-stoelen\\\/#primaryimage\"},\"image\":{\"@id\":\"https:\\\/\\\/www.decenniadesign.nl\\\/product\\\/set-van-4-moller-stoelen\\\/#primaryimage\"},\"thumbnailUrl\":\"https:\\\/\\\/www.decenniadesign.nl\\\/wp-content\\\/uploads\\\/2025\\\/07\\\/71550-Moller-nr82-stoelen-01.jpg\",\"datePublished\":\"2025-07-03T14:15:04+00:00\",\"description\":\"Set of 4 M\u00f8ller chairs model no. 82 designed by Niels Otto M\u00f8ller and produced in Denmark. Apart from the stability and comfortability, these chairs are also very beautiful with their organic shapen teak wooden frame. The dining room chairs have been reupholstered with a good quality fabric. The foam is also replaced. They are in a good vintage condition.\",\"breadcrumb\":{\"@id\":\"https:\\\/\\\/www.decenniadesign.nl\\\/product\\\/set-van-4-moller-stoelen\\\/#breadcrumb\"},\"inLanguage\":\"en-US\",\"potentialAction\":[{\"@type\":\"ReadAction\",\"target\":[\"https:\\\/\\\/www.decenniadesign.nl\\\/product\\\/set-van-4-moller-stoelen\\\/\"]}]},{\"@type\":\"ImageObject\",\"inLanguage\":\"en-US\",\"@id\":\"https:\\\/\\\/www.decenniadesign.nl\\\/product\\\/set-van-4-moller-stoelen\\\/#primaryimage\",\"url\":\"https:\\\/\\\/www.decenniadesign.nl\\\/wp-content\\\/uploads\\\/2025\\\/07\\\/71550-Moller-nr82-stoelen-01.jpg\",\"contentUrl\":\"https:\\\/\\\/www.decenniadesign.nl\\\/wp-content\\\/uploads\\\/2025\\\/07\\\/71550-Moller-nr82-stoelen-01.jpg\",\"width\":1024,\"height\":1536},{\"@type\":\"BreadcrumbList\",\"@id\":\"https:\\\/\\\/www.decenniadesign.nl\\\/product\\\/set-van-4-moller-stoelen\\\/#breadcrumb\",\"itemListElement\":[{\"@type\":\"ListItem\",\"position\":1,\"name\":\"Home\",\"item\":\"https:\\\/\\\/www.decenniadesign.nl\\\/\"},{\"@type\":\"ListItem\",\"position\":2,\"name\":\"Shop\",\"item\":\"https:\\\/\\\/www.decenniadesign.nl\\\/winkel\\\/\"},{\"@type\":\"ListItem\",\"position\":3,\"name\":\"Set of 4 M\u00f8ller chairs\"}]},{\"@type\":\"WebSite\",\"@id\":\"https:\\\/\\\/www.decenniadesign.nl\\\/en\\\/#website\",\"url\":\"https:\\\/\\\/www.decenniadesign.nl\\\/en\\\/\",\"name\":\"Decennia Design\",\"description\":\"Vintage design\",\"publisher\":{\"@id\":\"https:\\\/\\\/www.decenniadesign.nl\\\/en\\\/#organization\"},\"potentialAction\":[{\"@type\":\"SearchAction\",\"target\":{\"@type\":\"EntryPoint\",\"urlTemplate\":\"https:\\\/\\\/www.decenniadesign.nl\\\/en\\\/?s={search_term_string}\"},\"query-input\":{\"@type\":\"PropertyValueSpecification\",\"valueRequired\":true,\"valueName\":\"search_term_string\"}}],\"inLanguage\":\"en-US\"},{\"@type\":\"Organization\",\"@id\":\"https:\\\/\\\/www.decenniadesign.nl\\\/en\\\/#organization\",\"name\":\"Decennia Design\",\"url\":\"https:\\\/\\\/www.decenniadesign.nl\\\/en\\\/\",\"logo\":{\"@type\":\"ImageObject\",\"inLanguage\":\"en-US\",\"@id\":\"https:\\\/\\\/www.decenniadesign.nl\\\/en\\\/#\\\/schema\\\/logo\\\/image\\\/\",\"url\":\"https:\\\/\\\/www.decenniadesign.nl\\\/wp-content\\\/uploads\\\/2022\\\/01\\\/DECENNIADESIGN.NL-horizontaal.png\",\"contentUrl\":\"https:\\\/\\\/www.decenniadesign.nl\\\/wp-content\\\/uploads\\\/2022\\\/01\\\/DECENNIADESIGN.NL-horizontaal.png\",\"width\":1654,\"height\":123,\"caption\":\"Decennia Design\"},\"image\":{\"@id\":\"https:\\\/\\\/www.decenniadesign.nl\\\/en\\\/#\\\/schema\\\/logo\\\/image\\\/\"},\"sameAs\":[\"https:\\\/\\\/www.facebook.com\\\/Decennia-Design-231647773518270\\\/\",\"https:\\\/\\\/www.instagram.com\\\/decenniadesign\\\/\",\"https:\\\/\\\/nl.pinterest.com\\\/decennia\\\/\"]}]}<\/script>\n<!-- \/ Yoast SEO plugin. -->","yoast_head_json":{"title":"Set of 4 M\u00f8ller chairs - Decennia Design","description":"Set of 4 M\u00f8ller chairs model no. 82 designed by Niels Otto M\u00f8ller and produced in Denmark. Apart from the stability and comfortability, these chairs are also very beautiful with their organic shapen teak wooden frame. The dining room chairs have been reupholstered with a good quality fabric. The foam is also replaced. They are in a good vintage condition.","robots":{"index":"index","follow":"follow","max-snippet":"max-snippet:-1","max-image-preview":"max-image-preview:large","max-video-preview":"max-video-preview:-1"},"canonical":"https:\/\/www.decenniadesign.nl\/product\/set-van-4-moller-stoelen\/","og_locale":"en_US","og_type":"article","og_title":"Set of 4 M\u00f8ller chairs - Decennia Design","og_description":"Set of 4 M\u00f8ller chairs model no. 82 designed by Niels Otto M\u00f8ller and produced in Denmark. Apart from the stability and comfortability, these chairs are also very beautiful with their organic shapen teak wooden frame. The dining room chairs have been reupholstered with a good quality fabric. The foam is also replaced. They are in a good vintage condition.","og_url":"https:\/\/www.decenniadesign.nl\/product\/set-van-4-moller-stoelen\/","og_site_name":"Decennia Design","article_publisher":"https:\/\/www.facebook.com\/Decennia-Design-231647773518270\/","og_image":[{"width":1024,"height":1536,"url":"https:\/\/www.decenniadesign.nl\/wp-content\/uploads\/2025\/07\/71550-Moller-nr82-stoelen-01.jpg","type":"image\/jpeg"}],"twitter_card":"summary_large_image","schema":{"@context":"https:\/\/schema.org","@graph":[{"@type":"WebPage","@id":"https:\/\/www.decenniadesign.nl\/product\/set-van-4-moller-stoelen\/","url":"https:\/\/www.decenniadesign.nl\/product\/set-van-4-moller-stoelen\/","name":"Set of 4 M\u00f8ller chairs - Decennia Design","isPartOf":{"@id":"https:\/\/www.decenniadesign.nl\/en\/#website"},"primaryImageOfPage":{"@id":"https:\/\/www.decenniadesign.nl\/product\/set-van-4-moller-stoelen\/#primaryimage"},"image":{"@id":"https:\/\/www.decenniadesign.nl\/product\/set-van-4-moller-stoelen\/#primaryimage"},"thumbnailUrl":"https:\/\/www.decenniadesign.nl\/wp-content\/uploads\/2025\/07\/71550-Moller-nr82-stoelen-01.jpg","datePublished":"2025-07-03T14:15:04+00:00","description":"Set of 4 M\u00f8ller chairs model no. 82 designed by Niels Otto M\u00f8ller and produced in Denmark. Apart from the stability and comfortability, these chairs are also very beautiful with their organic shapen teak wooden frame. The dining room chairs have been reupholstered with a good quality fabric. The foam is also replaced. They are in a good vintage condition.","breadcrumb":{"@id":"https:\/\/www.decenniadesign.nl\/product\/set-van-4-moller-stoelen\/#breadcrumb"},"inLanguage":"en-US","potentialAction":[{"@type":"ReadAction","target":["https:\/\/www.decenniadesign.nl\/product\/set-van-4-moller-stoelen\/"]}]},{"@type":"ImageObject","inLanguage":"en-US","@id":"https:\/\/www.decenniadesign.nl\/product\/set-van-4-moller-stoelen\/#primaryimage","url":"https:\/\/www.decenniadesign.nl\/wp-content\/uploads\/2025\/07\/71550-Moller-nr82-stoelen-01.jpg","contentUrl":"https:\/\/www.decenniadesign.nl\/wp-content\/uploads\/2025\/07\/71550-Moller-nr82-stoelen-01.jpg","width":1024,"height":1536},{"@type":"BreadcrumbList","@id":"https:\/\/www.decenniadesign.nl\/product\/set-van-4-moller-stoelen\/#breadcrumb","itemListElement":[{"@type":"ListItem","position":1,"name":"Home","item":"https:\/\/www.decenniadesign.nl\/"},{"@type":"ListItem","position":2,"name":"Shop","item":"https:\/\/www.decenniadesign.nl\/winkel\/"},{"@type":"ListItem","position":3,"name":"Set of 4 M\u00f8ller chairs"}]},{"@type":"WebSite","@id":"https:\/\/www.decenniadesign.nl\/en\/#website","url":"https:\/\/www.decenniadesign.nl\/en\/","name":"Decennia Design","description":"Vintage design","publisher":{"@id":"https:\/\/www.decenniadesign.nl\/en\/#organization"},"potentialAction":[{"@type":"SearchAction","target":{"@type":"EntryPoint","urlTemplate":"https:\/\/www.decenniadesign.nl\/en\/?s={search_term_string}"},"query-input":{"@type":"PropertyValueSpecification","valueRequired":true,"valueName":"search_term_string"}}],"inLanguage":"en-US"},{"@type":"Organization","@id":"https:\/\/www.decenniadesign.nl\/en\/#organization","name":"Decennia Design","url":"https:\/\/www.decenniadesign.nl\/en\/","logo":{"@type":"ImageObject","inLanguage":"en-US","@id":"https:\/\/www.decenniadesign.nl\/en\/#\/schema\/logo\/image\/","url":"https:\/\/www.decenniadesign.nl\/wp-content\/uploads\/2022\/01\/DECENNIADESIGN.NL-horizontaal.png","contentUrl":"https:\/\/www.decenniadesign.nl\/wp-content\/uploads\/2022\/01\/DECENNIADESIGN.NL-horizontaal.png","width":1654,"height":123,"caption":"Decennia Design"},"image":{"@id":"https:\/\/www.decenniadesign.nl\/en\/#\/schema\/logo\/image\/"},"sameAs":["https:\/\/www.facebook.com\/Decennia-Design-231647773518270\/","https:\/\/www.instagram.com\/decenniadesign\/","https:\/\/nl.pinterest.com\/decennia\/"]}]}},"_links":{"self":[{"href":"https:\/\/www.decenniadesign.nl\/en\/wp-json\/wp\/v2\/product\/203564","targetHints":{"allow":["GET"]}}],"collection":[{"href":"https:\/\/www.decenniadesign.nl\/en\/wp-json\/wp\/v2\/product"}],"about":[{"href":"https:\/\/www.decenniadesign.nl\/en\/wp-json\/wp\/v2\/types\/product"}],"replies":[{"embeddable":true,"href":"https:\/\/www.decenniadesign.nl\/en\/wp-json\/wp\/v2\/comments?post=203564"}],"wp:featuredmedia":[{"embeddable":true,"href":"https:\/\/www.decenniadesign.nl\/en\/wp-json\/wp\/v2\/media\/203563"}],"wp:attachment":[{"href":"https:\/\/www.decenniadesign.nl\/en\/wp-json\/wp\/v2\/media?parent=203564"}],"wp:term":[{"taxonomy":"product_brand","embeddable":true,"href":"https:\/\/www.decenniadesign.nl\/en\/wp-json\/wp\/v2\/product_brand?post=203564"},{"taxonomy":"product_cat","embeddable":true,"href":"https:\/\/www.decenniadesign.nl\/en\/wp-json\/wp\/v2\/product_cat?post=203564"},{"taxonomy":"product_tag","embeddable":true,"href":"https:\/\/www.decenniadesign.nl\/en\/wp-json\/wp\/v2\/product_tag?post=203564"}],"curies":[{"name":"wp","href":"https:\/\/api.w.org\/{rel}","templated":true}]}}