{"id":189712,"date":"2024-09-04T13:04:39","date_gmt":"2024-09-04T11:04:39","guid":{"rendered":"https:\/\/www.decenniadesign.nl\/product\/movex-table-by-jurg-bally\/"},"modified":"2026-01-22T14:28:24","modified_gmt":"2026-01-22T13:28:24","slug":"movex-table-by-jurg-bally","status":"publish","type":"product","link":"https:\/\/www.decenniadesign.nl\/en\/product\/movex-table-by-jurg-bally\/","title":{"rendered":"Rare Movex table by J\u00fcrg Bally"},"content":{"rendered":"<p>Rare Movex table by J\u00fcrg Bally. He designed this table for Wohnhilfe from Z\u00fcrich in 1951. It is made from cherrie wood(veneer) and has an ingenious system to adjust the table in height.<br \/>\nSome small traces of use but furthermore in a good vintage condition.<\/p>\n","protected":false},"excerpt":{"rendered":"<p>Rare Movex table by J\u00fcrg Bally. He designed this table for Wohnhilfe from Z\u00fcrich in 1951. It is made from cherrie wood(veneer) and has an ingenious system to adjust the table in height. Some small traces of use but furthermore in a good vintage condition.<\/p>\n","protected":false},"featured_media":189707,"comment_status":"closed","ping_status":"closed","template":"","meta":{"_acf_changed":false,"site-sidebar-layout":"default","site-content-layout":"","ast-site-content-layout":"default","site-content-style":"default","site-sidebar-style":"default","ast-global-header-display":"","ast-banner-title-visibility":"","ast-main-header-display":"","ast-hfb-above-header-display":"","ast-hfb-below-header-display":"","ast-hfb-mobile-header-display":"","site-post-title":"","ast-breadcrumbs-content":"","ast-featured-img":"","footer-sml-layout":"","ast-disable-related-posts":"","theme-transparent-header-meta":"default","adv-header-id-meta":"","stick-header-meta":"","header-above-stick-meta":"","header-main-stick-meta":"","header-below-stick-meta":"","astra-migrate-meta-layouts":"default","ast-page-background-enabled":"default","ast-page-background-meta":{"desktop":{"background-color":"","background-image":"","background-repeat":"repeat","background-position":"center center","background-size":"auto","background-attachment":"scroll","background-type":"","background-media":"","overlay-type":"","overlay-color":"","overlay-opacity":"","overlay-gradient":""},"tablet":{"background-color":"","background-image":"","background-repeat":"repeat","background-position":"center center","background-size":"auto","background-attachment":"scroll","background-type":"","background-media":"","overlay-type":"","overlay-color":"","overlay-opacity":"","overlay-gradient":""},"mobile":{"background-color":"","background-image":"","background-repeat":"repeat","background-position":"center center","background-size":"auto","background-attachment":"scroll","background-type":"","background-media":"","overlay-type":"","overlay-color":"","overlay-opacity":"","overlay-gradient":""}},"ast-content-background-meta":{"desktop":{"background-color":"var(--ast-global-color-5)","background-image":"","background-repeat":"repeat","background-position":"center center","background-size":"auto","background-attachment":"scroll","background-type":"","background-media":"","overlay-type":"","overlay-color":"","overlay-opacity":"","overlay-gradient":""},"tablet":{"background-color":"var(--ast-global-color-5)","background-image":"","background-repeat":"repeat","background-position":"center center","background-size":"auto","background-attachment":"scroll","background-type":"","background-media":"","overlay-type":"","overlay-color":"","overlay-opacity":"","overlay-gradient":""},"mobile":{"background-color":"var(--ast-global-color-5)","background-image":"","background-repeat":"repeat","background-position":"center center","background-size":"auto","background-attachment":"scroll","background-type":"","background-media":"","overlay-type":"","overlay-color":"","overlay-opacity":"","overlay-gradient":""}}},"product_brand":[],"product_cat":[5151,5174,5111,5145,5082,5088],"product_tag":[],"class_list":{"0":"post-189712","1":"product","2":"type-product","3":"status-publish","4":"has-post-thumbnail","6":"product_cat-tables","7":"product_cat-dining-conference-tables","8":"product_cat-eettafel-conferentietafels","9":"product_cat-furniture","10":"product_cat-meubelen","11":"product_cat-salontafels-bijzettafels","12":"product_shipping_class-costs-route","13":"product_shipping_class-kosten-route","14":"desktop-align-left","15":"tablet-align-left","16":"mobile-align-left","17":"ast-product-gallery-layout-horizontal-slider","18":"ast-product-tabs-layout-horizontal","20":"first","21":"instock","22":"taxable","23":"shipping-taxable","24":"purchasable","25":"product-type-simple"},"acf":[],"yoast_head":"<!-- This site is optimized with the Yoast SEO plugin v27.2 - https:\/\/yoast.com\/product\/yoast-seo-wordpress\/ -->\n<title>Rare Movex table by J\u00fcrg Bally - Decennia Design<\/title>\n<meta name=\"description\" content=\"Movex table by J\u00fcrg Bally. He designed this table for Wohnhilfe from Z\u00fcrich in 1951. It is made from cherrie wood(veneer) and has an ingenious system to adjust the table in height. Some small traces of use but furthermore in a good vintage condition.\" \/>\n<meta name=\"robots\" content=\"index, follow, max-snippet:-1, max-image-preview:large, max-video-preview:-1\" \/>\n<link rel=\"canonical\" href=\"https:\/\/www.decenniadesign.nl\/en\/product\/movex-table-by-jurg-bally\/\" \/>\n<meta property=\"og:locale\" content=\"en_US\" \/>\n<meta property=\"og:type\" content=\"article\" \/>\n<meta property=\"og:title\" content=\"Rare Movex table by J\u00fcrg Bally - Decennia Design\" \/>\n<meta property=\"og:description\" content=\"Movex table by J\u00fcrg Bally. He designed this table for Wohnhilfe from Z\u00fcrich in 1951. It is made from cherrie wood(veneer) and has an ingenious system to adjust the table in height. Some small traces of use but furthermore in a good vintage condition.\" \/>\n<meta property=\"og:url\" content=\"https:\/\/www.decenniadesign.nl\/en\/product\/movex-table-by-jurg-bally\/\" \/>\n<meta property=\"og:site_name\" content=\"Decennia Design\" \/>\n<meta property=\"article:publisher\" content=\"https:\/\/www.facebook.com\/Decennia-Design-231647773518270\/\" \/>\n<meta property=\"article:modified_time\" content=\"2026-01-22T13:28:24+00:00\" \/>\n<meta property=\"og:image\" content=\"https:\/\/www.decenniadesign.nl\/wp-content\/uploads\/2024\/09\/59128-Movex-tafel-02.jpg\" \/>\n\t<meta property=\"og:image:width\" content=\"1024\" \/>\n\t<meta property=\"og:image:height\" content=\"1536\" \/>\n\t<meta property=\"og:image:type\" content=\"image\/jpeg\" \/>\n<meta name=\"twitter:card\" content=\"summary_large_image\" \/>\n<script type=\"application\/ld+json\" class=\"yoast-schema-graph\">{\"@context\":\"https:\/\/schema.org\",\"@graph\":[{\"@type\":\"WebPage\",\"@id\":\"https:\/\/www.decenniadesign.nl\/en\/product\/movex-table-by-jurg-bally\/\",\"url\":\"https:\/\/www.decenniadesign.nl\/en\/product\/movex-table-by-jurg-bally\/\",\"name\":\"Rare Movex table by J\u00fcrg Bally - Decennia Design\",\"isPartOf\":{\"@id\":\"https:\/\/www.decenniadesign.nl\/en\/#website\"},\"primaryImageOfPage\":{\"@id\":\"https:\/\/www.decenniadesign.nl\/en\/product\/movex-table-by-jurg-bally\/#primaryimage\"},\"image\":{\"@id\":\"https:\/\/www.decenniadesign.nl\/en\/product\/movex-table-by-jurg-bally\/#primaryimage\"},\"thumbnailUrl\":\"https:\/\/www.decenniadesign.nl\/wp-content\/uploads\/2024\/09\/59128-Movex-tafel-02.jpg\",\"datePublished\":\"2024-09-04T11:04:39+00:00\",\"dateModified\":\"2026-01-22T13:28:24+00:00\",\"description\":\"Movex table by J\u00fcrg Bally. He designed this table for Wohnhilfe from Z\u00fcrich in 1951. It is made from cherrie wood(veneer) and has an ingenious system to adjust the table in height. Some small traces of use but furthermore in a good vintage condition.\",\"breadcrumb\":{\"@id\":\"https:\/\/www.decenniadesign.nl\/en\/product\/movex-table-by-jurg-bally\/#breadcrumb\"},\"inLanguage\":\"en-US\",\"potentialAction\":[{\"@type\":\"ReadAction\",\"target\":[\"https:\/\/www.decenniadesign.nl\/en\/product\/movex-table-by-jurg-bally\/\"]}]},{\"@type\":\"ImageObject\",\"inLanguage\":\"en-US\",\"@id\":\"https:\/\/www.decenniadesign.nl\/en\/product\/movex-table-by-jurg-bally\/#primaryimage\",\"url\":\"https:\/\/www.decenniadesign.nl\/wp-content\/uploads\/2024\/09\/59128-Movex-tafel-02.jpg\",\"contentUrl\":\"https:\/\/www.decenniadesign.nl\/wp-content\/uploads\/2024\/09\/59128-Movex-tafel-02.jpg\",\"width\":1024,\"height\":1536},{\"@type\":\"BreadcrumbList\",\"@id\":\"https:\/\/www.decenniadesign.nl\/en\/product\/movex-table-by-jurg-bally\/#breadcrumb\",\"itemListElement\":[{\"@type\":\"ListItem\",\"position\":1,\"name\":\"Home\",\"item\":\"https:\/\/www.decenniadesign.nl\/en\/\"},{\"@type\":\"ListItem\",\"position\":2,\"name\":\"Shop\",\"item\":\"https:\/\/www.decenniadesign.nl\/en\/shop\/\"},{\"@type\":\"ListItem\",\"position\":3,\"name\":\"Rare Movex table by J\u00fcrg Bally\"}]},{\"@type\":\"WebSite\",\"@id\":\"https:\/\/www.decenniadesign.nl\/en\/#website\",\"url\":\"https:\/\/www.decenniadesign.nl\/en\/\",\"name\":\"Decennia Design\",\"description\":\"Vintage design\",\"publisher\":{\"@id\":\"https:\/\/www.decenniadesign.nl\/en\/#organization\"},\"potentialAction\":[{\"@type\":\"SearchAction\",\"target\":{\"@type\":\"EntryPoint\",\"urlTemplate\":\"https:\/\/www.decenniadesign.nl\/en\/?s={search_term_string}\"},\"query-input\":{\"@type\":\"PropertyValueSpecification\",\"valueRequired\":true,\"valueName\":\"search_term_string\"}}],\"inLanguage\":\"en-US\"},{\"@type\":\"Organization\",\"@id\":\"https:\/\/www.decenniadesign.nl\/en\/#organization\",\"name\":\"Decennia Design\",\"url\":\"https:\/\/www.decenniadesign.nl\/en\/\",\"logo\":{\"@type\":\"ImageObject\",\"inLanguage\":\"en-US\",\"@id\":\"https:\/\/www.decenniadesign.nl\/en\/#\/schema\/logo\/image\/\",\"url\":\"https:\/\/www.decenniadesign.nl\/wp-content\/uploads\/2022\/01\/DECENNIADESIGN.NL-horizontaal.png\",\"contentUrl\":\"https:\/\/www.decenniadesign.nl\/wp-content\/uploads\/2022\/01\/DECENNIADESIGN.NL-horizontaal.png\",\"width\":1654,\"height\":123,\"caption\":\"Decennia Design\"},\"image\":{\"@id\":\"https:\/\/www.decenniadesign.nl\/en\/#\/schema\/logo\/image\/\"},\"sameAs\":[\"https:\/\/www.facebook.com\/Decennia-Design-231647773518270\/\",\"https:\/\/www.instagram.com\/decenniadesign\/\",\"https:\/\/nl.pinterest.com\/decennia\/\"]}]}<\/script>\n<!-- \/ Yoast SEO plugin. -->","yoast_head_json":{"title":"Rare Movex table by J\u00fcrg Bally - Decennia Design","description":"Movex table by J\u00fcrg Bally. He designed this table for Wohnhilfe from Z\u00fcrich in 1951. It is made from cherrie wood(veneer) and has an ingenious system to adjust the table in height. Some small traces of use but furthermore in a good vintage condition.","robots":{"index":"index","follow":"follow","max-snippet":"max-snippet:-1","max-image-preview":"max-image-preview:large","max-video-preview":"max-video-preview:-1"},"canonical":"https:\/\/www.decenniadesign.nl\/en\/product\/movex-table-by-jurg-bally\/","og_locale":"en_US","og_type":"article","og_title":"Rare Movex table by J\u00fcrg Bally - Decennia Design","og_description":"Movex table by J\u00fcrg Bally. He designed this table for Wohnhilfe from Z\u00fcrich in 1951. It is made from cherrie wood(veneer) and has an ingenious system to adjust the table in height. Some small traces of use but furthermore in a good vintage condition.","og_url":"https:\/\/www.decenniadesign.nl\/en\/product\/movex-table-by-jurg-bally\/","og_site_name":"Decennia Design","article_publisher":"https:\/\/www.facebook.com\/Decennia-Design-231647773518270\/","article_modified_time":"2026-01-22T13:28:24+00:00","og_image":[{"width":1024,"height":1536,"url":"https:\/\/www.decenniadesign.nl\/wp-content\/uploads\/2024\/09\/59128-Movex-tafel-02.jpg","type":"image\/jpeg"}],"twitter_card":"summary_large_image","schema":{"@context":"https:\/\/schema.org","@graph":[{"@type":"WebPage","@id":"https:\/\/www.decenniadesign.nl\/en\/product\/movex-table-by-jurg-bally\/","url":"https:\/\/www.decenniadesign.nl\/en\/product\/movex-table-by-jurg-bally\/","name":"Rare Movex table by J\u00fcrg Bally - Decennia Design","isPartOf":{"@id":"https:\/\/www.decenniadesign.nl\/en\/#website"},"primaryImageOfPage":{"@id":"https:\/\/www.decenniadesign.nl\/en\/product\/movex-table-by-jurg-bally\/#primaryimage"},"image":{"@id":"https:\/\/www.decenniadesign.nl\/en\/product\/movex-table-by-jurg-bally\/#primaryimage"},"thumbnailUrl":"https:\/\/www.decenniadesign.nl\/wp-content\/uploads\/2024\/09\/59128-Movex-tafel-02.jpg","datePublished":"2024-09-04T11:04:39+00:00","dateModified":"2026-01-22T13:28:24+00:00","description":"Movex table by J\u00fcrg Bally. He designed this table for Wohnhilfe from Z\u00fcrich in 1951. It is made from cherrie wood(veneer) and has an ingenious system to adjust the table in height. Some small traces of use but furthermore in a good vintage condition.","breadcrumb":{"@id":"https:\/\/www.decenniadesign.nl\/en\/product\/movex-table-by-jurg-bally\/#breadcrumb"},"inLanguage":"en-US","potentialAction":[{"@type":"ReadAction","target":["https:\/\/www.decenniadesign.nl\/en\/product\/movex-table-by-jurg-bally\/"]}]},{"@type":"ImageObject","inLanguage":"en-US","@id":"https:\/\/www.decenniadesign.nl\/en\/product\/movex-table-by-jurg-bally\/#primaryimage","url":"https:\/\/www.decenniadesign.nl\/wp-content\/uploads\/2024\/09\/59128-Movex-tafel-02.jpg","contentUrl":"https:\/\/www.decenniadesign.nl\/wp-content\/uploads\/2024\/09\/59128-Movex-tafel-02.jpg","width":1024,"height":1536},{"@type":"BreadcrumbList","@id":"https:\/\/www.decenniadesign.nl\/en\/product\/movex-table-by-jurg-bally\/#breadcrumb","itemListElement":[{"@type":"ListItem","position":1,"name":"Home","item":"https:\/\/www.decenniadesign.nl\/en\/"},{"@type":"ListItem","position":2,"name":"Shop","item":"https:\/\/www.decenniadesign.nl\/en\/shop\/"},{"@type":"ListItem","position":3,"name":"Rare Movex table by J\u00fcrg Bally"}]},{"@type":"WebSite","@id":"https:\/\/www.decenniadesign.nl\/en\/#website","url":"https:\/\/www.decenniadesign.nl\/en\/","name":"Decennia Design","description":"Vintage design","publisher":{"@id":"https:\/\/www.decenniadesign.nl\/en\/#organization"},"potentialAction":[{"@type":"SearchAction","target":{"@type":"EntryPoint","urlTemplate":"https:\/\/www.decenniadesign.nl\/en\/?s={search_term_string}"},"query-input":{"@type":"PropertyValueSpecification","valueRequired":true,"valueName":"search_term_string"}}],"inLanguage":"en-US"},{"@type":"Organization","@id":"https:\/\/www.decenniadesign.nl\/en\/#organization","name":"Decennia Design","url":"https:\/\/www.decenniadesign.nl\/en\/","logo":{"@type":"ImageObject","inLanguage":"en-US","@id":"https:\/\/www.decenniadesign.nl\/en\/#\/schema\/logo\/image\/","url":"https:\/\/www.decenniadesign.nl\/wp-content\/uploads\/2022\/01\/DECENNIADESIGN.NL-horizontaal.png","contentUrl":"https:\/\/www.decenniadesign.nl\/wp-content\/uploads\/2022\/01\/DECENNIADESIGN.NL-horizontaal.png","width":1654,"height":123,"caption":"Decennia Design"},"image":{"@id":"https:\/\/www.decenniadesign.nl\/en\/#\/schema\/logo\/image\/"},"sameAs":["https:\/\/www.facebook.com\/Decennia-Design-231647773518270\/","https:\/\/www.instagram.com\/decenniadesign\/","https:\/\/nl.pinterest.com\/decennia\/"]}]}},"_links":{"self":[{"href":"https:\/\/www.decenniadesign.nl\/en\/wp-json\/wp\/v2\/product\/189712","targetHints":{"allow":["GET"]}}],"collection":[{"href":"https:\/\/www.decenniadesign.nl\/en\/wp-json\/wp\/v2\/product"}],"about":[{"href":"https:\/\/www.decenniadesign.nl\/en\/wp-json\/wp\/v2\/types\/product"}],"replies":[{"embeddable":true,"href":"https:\/\/www.decenniadesign.nl\/en\/wp-json\/wp\/v2\/comments?post=189712"}],"wp:featuredmedia":[{"embeddable":true,"href":"https:\/\/www.decenniadesign.nl\/en\/wp-json\/wp\/v2\/media\/189707"}],"wp:attachment":[{"href":"https:\/\/www.decenniadesign.nl\/en\/wp-json\/wp\/v2\/media?parent=189712"}],"wp:term":[{"taxonomy":"product_brand","embeddable":true,"href":"https:\/\/www.decenniadesign.nl\/en\/wp-json\/wp\/v2\/product_brand?post=189712"},{"taxonomy":"product_cat","embeddable":true,"href":"https:\/\/www.decenniadesign.nl\/en\/wp-json\/wp\/v2\/product_cat?post=189712"},{"taxonomy":"product_tag","embeddable":true,"href":"https:\/\/www.decenniadesign.nl\/en\/wp-json\/wp\/v2\/product_tag?post=189712"}],"curies":[{"name":"wp","href":"https:\/\/api.w.org\/{rel}","templated":true}]}}