{"id":184602,"date":"2024-07-10T17:40:11","date_gmt":"2024-07-10T15:40:11","guid":{"rendered":"https:\/\/www.decenniadesign.nl\/product\/set-of-4-moller-dining-room-chairs\/"},"modified":"2024-07-10T17:40:11","modified_gmt":"2024-07-10T15:40:11","slug":"set-of-4-moller-dining-room-chairs","status":"publish","type":"product","link":"https:\/\/www.decenniadesign.nl\/en\/product\/set-of-4-moller-dining-room-chairs\/","title":{"rendered":"Set of 4 M\u00f8ller dining room chairs"},"content":{"rendered":"<p>Set of 4 vintage M\u00f8ller chairs designed by Niels Otto M\u00f8ller in 1968, Denmark. These wonderfully shaped chairs are made of teak with black leather upholstery. The chairs have some traces of use such as scratches on the leather and some discolouration on the top of the backrest (see photo&#8217;s). Despite the traces of use, the set is still in good vintage condition.<\/p>\n","protected":false},"excerpt":{"rendered":"<p>Set of 4 vintage M\u00f8ller chairs designed by Niels Otto M\u00f8ller in 1968, Denmark. These wonderfully shaped chairs are made of teak with black leather upholstery. The chairs have some traces of use such as scratches on the leather and some discolouration on the top of the backrest (see photo&#8217;s). Despite the traces of use, [&hellip;]<\/p>\n","protected":false},"featured_media":184595,"comment_status":"closed","ping_status":"closed","template":"","meta":{"_acf_changed":false,"site-sidebar-layout":"default","site-content-layout":"","ast-site-content-layout":"default","site-content-style":"default","site-sidebar-style":"default","ast-global-header-display":"","ast-banner-title-visibility":"","ast-main-header-display":"","ast-hfb-above-header-display":"","ast-hfb-below-header-display":"","ast-hfb-mobile-header-display":"","site-post-title":"","ast-breadcrumbs-content":"","ast-featured-img":"","footer-sml-layout":"","ast-disable-related-posts":"","theme-transparent-header-meta":"default","adv-header-id-meta":"","stick-header-meta":"","header-above-stick-meta":"","header-main-stick-meta":"","header-below-stick-meta":"","astra-migrate-meta-layouts":"default","ast-page-background-enabled":"default","ast-page-background-meta":{"desktop":{"background-color":"","background-image":"","background-repeat":"repeat","background-position":"center center","background-size":"auto","background-attachment":"scroll","background-type":"","background-media":"","overlay-type":"","overlay-color":"","overlay-opacity":"","overlay-gradient":""},"tablet":{"background-color":"","background-image":"","background-repeat":"repeat","background-position":"center center","background-size":"auto","background-attachment":"scroll","background-type":"","background-media":"","overlay-type":"","overlay-color":"","overlay-opacity":"","overlay-gradient":""},"mobile":{"background-color":"","background-image":"","background-repeat":"repeat","background-position":"center center","background-size":"auto","background-attachment":"scroll","background-type":"","background-media":"","overlay-type":"","overlay-color":"","overlay-opacity":"","overlay-gradient":""}},"ast-content-background-meta":{"desktop":{"background-color":"var(--ast-global-color-5)","background-image":"","background-repeat":"repeat","background-position":"center center","background-size":"auto","background-attachment":"scroll","background-type":"","background-media":"","overlay-type":"","overlay-color":"","overlay-opacity":"","overlay-gradient":""},"tablet":{"background-color":"var(--ast-global-color-5)","background-image":"","background-repeat":"repeat","background-position":"center center","background-size":"auto","background-attachment":"scroll","background-type":"","background-media":"","overlay-type":"","overlay-color":"","overlay-opacity":"","overlay-gradient":""},"mobile":{"background-color":"var(--ast-global-color-5)","background-image":"","background-repeat":"repeat","background-position":"center center","background-size":"auto","background-attachment":"scroll","background-type":"","background-media":"","overlay-type":"","overlay-color":"","overlay-opacity":"","overlay-gradient":""}}},"product_brand":[],"product_cat":[5170,5145],"product_tag":[],"class_list":{"0":"post-184602","1":"product","2":"type-product","3":"status-publish","4":"has-post-thumbnail","6":"product_cat-chairs","7":"product_cat-furniture","8":"product_shipping_class-costs-route","9":"desktop-align-left","10":"tablet-align-left","11":"mobile-align-left","12":"ast-product-gallery-layout-horizontal-slider","13":"ast-product-tabs-layout-horizontal","15":"first","16":"instock","17":"taxable","18":"shipping-taxable","19":"purchasable","20":"product-type-simple"},"acf":[],"yoast_head":"<!-- This site is optimized with the Yoast SEO plugin v27.2 - https:\/\/yoast.com\/product\/yoast-seo-wordpress\/ -->\n<title>Set of 4 M\u00f8ller dining room chairs - Decennia Design<\/title>\n<meta name=\"description\" content=\"Set of 4 vintage M\u00f8ller chairs designed by Niels Otto M\u00f8ller in 1968, Denmark. These wonderfully shaped chairs are made of teak with black leather upholstery. The chairs have some traces of use such as scratches on the leather and some discolouration on the top of the backrest (see photo&#039;s). Despite the traces of use, the set is still in good vintage condition.\u00a0\" \/>\n<meta name=\"robots\" content=\"index, follow, max-snippet:-1, max-image-preview:large, max-video-preview:-1\" \/>\n<link rel=\"canonical\" href=\"https:\/\/www.decenniadesign.nl\/product\/set-van-4-moller-eetkamerstoelen\/\" \/>\n<meta property=\"og:locale\" content=\"en_US\" \/>\n<meta property=\"og:type\" content=\"article\" \/>\n<meta property=\"og:title\" content=\"Set of 4 M\u00f8ller dining room chairs - Decennia Design\" \/>\n<meta property=\"og:description\" content=\"Set of 4 vintage M\u00f8ller chairs designed by Niels Otto M\u00f8ller in 1968, Denmark. These wonderfully shaped chairs are made of teak with black leather upholstery. The chairs have some traces of use such as scratches on the leather and some discolouration on the top of the backrest (see photo&#039;s). Despite the traces of use, the set is still in good vintage condition.\u00a0\" \/>\n<meta property=\"og:url\" content=\"https:\/\/www.decenniadesign.nl\/product\/set-van-4-moller-eetkamerstoelen\/\" \/>\n<meta property=\"og:site_name\" content=\"Decennia Design\" \/>\n<meta property=\"article:publisher\" content=\"https:\/\/www.facebook.com\/Decennia-Design-231647773518270\/\" \/>\n<meta property=\"og:image\" content=\"https:\/\/www.decenniadesign.nl\/wp-content\/uploads\/2024\/07\/69768teak-moller-stoelen012.jpg\" \/>\n\t<meta property=\"og:image:width\" content=\"1024\" \/>\n\t<meta property=\"og:image:height\" content=\"1536\" \/>\n\t<meta property=\"og:image:type\" content=\"image\/jpeg\" \/>\n<meta name=\"twitter:card\" content=\"summary_large_image\" \/>\n<script type=\"application\/ld+json\" class=\"yoast-schema-graph\">{\"@context\":\"https:\/\/schema.org\",\"@graph\":[{\"@type\":\"WebPage\",\"@id\":\"https:\/\/www.decenniadesign.nl\/product\/set-van-4-moller-eetkamerstoelen\/\",\"url\":\"https:\/\/www.decenniadesign.nl\/product\/set-van-4-moller-eetkamerstoelen\/\",\"name\":\"Set of 4 M\u00f8ller dining room chairs - Decennia Design\",\"isPartOf\":{\"@id\":\"https:\/\/www.decenniadesign.nl\/en\/#website\"},\"primaryImageOfPage\":{\"@id\":\"https:\/\/www.decenniadesign.nl\/product\/set-van-4-moller-eetkamerstoelen\/#primaryimage\"},\"image\":{\"@id\":\"https:\/\/www.decenniadesign.nl\/product\/set-van-4-moller-eetkamerstoelen\/#primaryimage\"},\"thumbnailUrl\":\"https:\/\/www.decenniadesign.nl\/wp-content\/uploads\/2024\/07\/69768teak-moller-stoelen012.jpg\",\"datePublished\":\"2024-07-10T15:40:11+00:00\",\"description\":\"Set of 4 vintage M\u00f8ller chairs designed by Niels Otto M\u00f8ller in 1968, Denmark. These wonderfully shaped chairs are made of teak with black leather upholstery. The chairs have some traces of use such as scratches on the leather and some discolouration on the top of the backrest (see photo's). Despite the traces of use, the set is still in good vintage condition.\u00a0\",\"breadcrumb\":{\"@id\":\"https:\/\/www.decenniadesign.nl\/product\/set-van-4-moller-eetkamerstoelen\/#breadcrumb\"},\"inLanguage\":\"en-US\",\"potentialAction\":[{\"@type\":\"ReadAction\",\"target\":[\"https:\/\/www.decenniadesign.nl\/product\/set-van-4-moller-eetkamerstoelen\/\"]}]},{\"@type\":\"ImageObject\",\"inLanguage\":\"en-US\",\"@id\":\"https:\/\/www.decenniadesign.nl\/product\/set-van-4-moller-eetkamerstoelen\/#primaryimage\",\"url\":\"https:\/\/www.decenniadesign.nl\/wp-content\/uploads\/2024\/07\/69768teak-moller-stoelen012.jpg\",\"contentUrl\":\"https:\/\/www.decenniadesign.nl\/wp-content\/uploads\/2024\/07\/69768teak-moller-stoelen012.jpg\",\"width\":1024,\"height\":1536},{\"@type\":\"BreadcrumbList\",\"@id\":\"https:\/\/www.decenniadesign.nl\/product\/set-van-4-moller-eetkamerstoelen\/#breadcrumb\",\"itemListElement\":[{\"@type\":\"ListItem\",\"position\":1,\"name\":\"Home\",\"item\":\"https:\/\/www.decenniadesign.nl\/en\/\"},{\"@type\":\"ListItem\",\"position\":2,\"name\":\"Shop\",\"item\":\"https:\/\/www.decenniadesign.nl\/en\/shop\/\"},{\"@type\":\"ListItem\",\"position\":3,\"name\":\"Set of 4 M\u00f8ller dining room chairs\"}]},{\"@type\":\"WebSite\",\"@id\":\"https:\/\/www.decenniadesign.nl\/en\/#website\",\"url\":\"https:\/\/www.decenniadesign.nl\/en\/\",\"name\":\"Decennia Design\",\"description\":\"Vintage design\",\"publisher\":{\"@id\":\"https:\/\/www.decenniadesign.nl\/en\/#organization\"},\"potentialAction\":[{\"@type\":\"SearchAction\",\"target\":{\"@type\":\"EntryPoint\",\"urlTemplate\":\"https:\/\/www.decenniadesign.nl\/en\/?s={search_term_string}\"},\"query-input\":{\"@type\":\"PropertyValueSpecification\",\"valueRequired\":true,\"valueName\":\"search_term_string\"}}],\"inLanguage\":\"en-US\"},{\"@type\":\"Organization\",\"@id\":\"https:\/\/www.decenniadesign.nl\/en\/#organization\",\"name\":\"Decennia Design\",\"url\":\"https:\/\/www.decenniadesign.nl\/en\/\",\"logo\":{\"@type\":\"ImageObject\",\"inLanguage\":\"en-US\",\"@id\":\"https:\/\/www.decenniadesign.nl\/en\/#\/schema\/logo\/image\/\",\"url\":\"https:\/\/www.decenniadesign.nl\/wp-content\/uploads\/2022\/01\/DECENNIADESIGN.NL-horizontaal.png\",\"contentUrl\":\"https:\/\/www.decenniadesign.nl\/wp-content\/uploads\/2022\/01\/DECENNIADESIGN.NL-horizontaal.png\",\"width\":1654,\"height\":123,\"caption\":\"Decennia Design\"},\"image\":{\"@id\":\"https:\/\/www.decenniadesign.nl\/en\/#\/schema\/logo\/image\/\"},\"sameAs\":[\"https:\/\/www.facebook.com\/Decennia-Design-231647773518270\/\",\"https:\/\/www.instagram.com\/decenniadesign\/\",\"https:\/\/nl.pinterest.com\/decennia\/\"]}]}<\/script>\n<!-- \/ Yoast SEO plugin. -->","yoast_head_json":{"title":"Set of 4 M\u00f8ller dining room chairs - Decennia Design","description":"Set of 4 vintage M\u00f8ller chairs designed by Niels Otto M\u00f8ller in 1968, Denmark. These wonderfully shaped chairs are made of teak with black leather upholstery. The chairs have some traces of use such as scratches on the leather and some discolouration on the top of the backrest (see photo's). Despite the traces of use, the set is still in good vintage condition.\u00a0","robots":{"index":"index","follow":"follow","max-snippet":"max-snippet:-1","max-image-preview":"max-image-preview:large","max-video-preview":"max-video-preview:-1"},"canonical":"https:\/\/www.decenniadesign.nl\/product\/set-van-4-moller-eetkamerstoelen\/","og_locale":"en_US","og_type":"article","og_title":"Set of 4 M\u00f8ller dining room chairs - Decennia Design","og_description":"Set of 4 vintage M\u00f8ller chairs designed by Niels Otto M\u00f8ller in 1968, Denmark. These wonderfully shaped chairs are made of teak with black leather upholstery. The chairs have some traces of use such as scratches on the leather and some discolouration on the top of the backrest (see photo's). Despite the traces of use, the set is still in good vintage condition.\u00a0","og_url":"https:\/\/www.decenniadesign.nl\/product\/set-van-4-moller-eetkamerstoelen\/","og_site_name":"Decennia Design","article_publisher":"https:\/\/www.facebook.com\/Decennia-Design-231647773518270\/","og_image":[{"width":1024,"height":1536,"url":"https:\/\/www.decenniadesign.nl\/wp-content\/uploads\/2024\/07\/69768teak-moller-stoelen012.jpg","type":"image\/jpeg"}],"twitter_card":"summary_large_image","schema":{"@context":"https:\/\/schema.org","@graph":[{"@type":"WebPage","@id":"https:\/\/www.decenniadesign.nl\/product\/set-van-4-moller-eetkamerstoelen\/","url":"https:\/\/www.decenniadesign.nl\/product\/set-van-4-moller-eetkamerstoelen\/","name":"Set of 4 M\u00f8ller dining room chairs - Decennia Design","isPartOf":{"@id":"https:\/\/www.decenniadesign.nl\/en\/#website"},"primaryImageOfPage":{"@id":"https:\/\/www.decenniadesign.nl\/product\/set-van-4-moller-eetkamerstoelen\/#primaryimage"},"image":{"@id":"https:\/\/www.decenniadesign.nl\/product\/set-van-4-moller-eetkamerstoelen\/#primaryimage"},"thumbnailUrl":"https:\/\/www.decenniadesign.nl\/wp-content\/uploads\/2024\/07\/69768teak-moller-stoelen012.jpg","datePublished":"2024-07-10T15:40:11+00:00","description":"Set of 4 vintage M\u00f8ller chairs designed by Niels Otto M\u00f8ller in 1968, Denmark. These wonderfully shaped chairs are made of teak with black leather upholstery. The chairs have some traces of use such as scratches on the leather and some discolouration on the top of the backrest (see photo's). Despite the traces of use, the set is still in good vintage condition.\u00a0","breadcrumb":{"@id":"https:\/\/www.decenniadesign.nl\/product\/set-van-4-moller-eetkamerstoelen\/#breadcrumb"},"inLanguage":"en-US","potentialAction":[{"@type":"ReadAction","target":["https:\/\/www.decenniadesign.nl\/product\/set-van-4-moller-eetkamerstoelen\/"]}]},{"@type":"ImageObject","inLanguage":"en-US","@id":"https:\/\/www.decenniadesign.nl\/product\/set-van-4-moller-eetkamerstoelen\/#primaryimage","url":"https:\/\/www.decenniadesign.nl\/wp-content\/uploads\/2024\/07\/69768teak-moller-stoelen012.jpg","contentUrl":"https:\/\/www.decenniadesign.nl\/wp-content\/uploads\/2024\/07\/69768teak-moller-stoelen012.jpg","width":1024,"height":1536},{"@type":"BreadcrumbList","@id":"https:\/\/www.decenniadesign.nl\/product\/set-van-4-moller-eetkamerstoelen\/#breadcrumb","itemListElement":[{"@type":"ListItem","position":1,"name":"Home","item":"https:\/\/www.decenniadesign.nl\/en\/"},{"@type":"ListItem","position":2,"name":"Shop","item":"https:\/\/www.decenniadesign.nl\/en\/shop\/"},{"@type":"ListItem","position":3,"name":"Set of 4 M\u00f8ller dining room chairs"}]},{"@type":"WebSite","@id":"https:\/\/www.decenniadesign.nl\/en\/#website","url":"https:\/\/www.decenniadesign.nl\/en\/","name":"Decennia Design","description":"Vintage design","publisher":{"@id":"https:\/\/www.decenniadesign.nl\/en\/#organization"},"potentialAction":[{"@type":"SearchAction","target":{"@type":"EntryPoint","urlTemplate":"https:\/\/www.decenniadesign.nl\/en\/?s={search_term_string}"},"query-input":{"@type":"PropertyValueSpecification","valueRequired":true,"valueName":"search_term_string"}}],"inLanguage":"en-US"},{"@type":"Organization","@id":"https:\/\/www.decenniadesign.nl\/en\/#organization","name":"Decennia Design","url":"https:\/\/www.decenniadesign.nl\/en\/","logo":{"@type":"ImageObject","inLanguage":"en-US","@id":"https:\/\/www.decenniadesign.nl\/en\/#\/schema\/logo\/image\/","url":"https:\/\/www.decenniadesign.nl\/wp-content\/uploads\/2022\/01\/DECENNIADESIGN.NL-horizontaal.png","contentUrl":"https:\/\/www.decenniadesign.nl\/wp-content\/uploads\/2022\/01\/DECENNIADESIGN.NL-horizontaal.png","width":1654,"height":123,"caption":"Decennia Design"},"image":{"@id":"https:\/\/www.decenniadesign.nl\/en\/#\/schema\/logo\/image\/"},"sameAs":["https:\/\/www.facebook.com\/Decennia-Design-231647773518270\/","https:\/\/www.instagram.com\/decenniadesign\/","https:\/\/nl.pinterest.com\/decennia\/"]}]}},"_links":{"self":[{"href":"https:\/\/www.decenniadesign.nl\/en\/wp-json\/wp\/v2\/product\/184602","targetHints":{"allow":["GET"]}}],"collection":[{"href":"https:\/\/www.decenniadesign.nl\/en\/wp-json\/wp\/v2\/product"}],"about":[{"href":"https:\/\/www.decenniadesign.nl\/en\/wp-json\/wp\/v2\/types\/product"}],"replies":[{"embeddable":true,"href":"https:\/\/www.decenniadesign.nl\/en\/wp-json\/wp\/v2\/comments?post=184602"}],"wp:featuredmedia":[{"embeddable":true,"href":"https:\/\/www.decenniadesign.nl\/en\/wp-json\/wp\/v2\/media\/184595"}],"wp:attachment":[{"href":"https:\/\/www.decenniadesign.nl\/en\/wp-json\/wp\/v2\/media?parent=184602"}],"wp:term":[{"taxonomy":"product_brand","embeddable":true,"href":"https:\/\/www.decenniadesign.nl\/en\/wp-json\/wp\/v2\/product_brand?post=184602"},{"taxonomy":"product_cat","embeddable":true,"href":"https:\/\/www.decenniadesign.nl\/en\/wp-json\/wp\/v2\/product_cat?post=184602"},{"taxonomy":"product_tag","embeddable":true,"href":"https:\/\/www.decenniadesign.nl\/en\/wp-json\/wp\/v2\/product_tag?post=184602"}],"curies":[{"name":"wp","href":"https:\/\/api.w.org\/{rel}","templated":true}]}}