{"id":138913,"date":"2023-03-16T13:46:20","date_gmt":"2023-03-16T12:48:46","guid":{"rendered":"https:\/\/www.decenniadesign.nl\/?post_type=product&#038;p=138913"},"modified":"2024-01-24T17:26:15","modified_gmt":"2024-01-24T16:26:15","slug":"niels-otto-moller-chair","status":"publish","type":"product","link":"https:\/\/www.decenniadesign.nl\/en\/product\/niels-otto-moller-chair\/","title":{"rendered":"Niels Otto M\u00f8ller chair"},"content":{"rendered":"<p>Beautiful vintage dining room chair model 78, designed by Niels Otto M\u00f8ller for J.L. M\u00f8ller M\u00f8belfabrik Denmark. The chair is made of solid teak and upholstered with leather. The chair has some patina and there are a few spots on the leather and a burn hole but the chair is still in good vintage condition.<\/p>\n","protected":false},"excerpt":{"rendered":"<p>Beautiful vintage dining room chair model 78, designed by Niels Otto M\u00f8ller for J.L. M\u00f8ller M\u00f8belfabrik Denmark. The chair is made of solid teak and upholstered with leather. The chair has some patina and there are a few spots on the leather and a burn hole but the chair is still in good vintage condition.<\/p>\n","protected":false},"featured_media":138896,"comment_status":"open","ping_status":"closed","template":"","meta":{"_acf_changed":false,"site-sidebar-layout":"default","site-content-layout":"default","ast-site-content-layout":"default","site-content-style":"default","site-sidebar-style":"default","ast-global-header-display":"","ast-banner-title-visibility":"","ast-main-header-display":"","ast-hfb-above-header-display":"","ast-hfb-below-header-display":"","ast-hfb-mobile-header-display":"","site-post-title":"","ast-breadcrumbs-content":"","ast-featured-img":"","footer-sml-layout":"","ast-disable-related-posts":"","theme-transparent-header-meta":"default","adv-header-id-meta":"","stick-header-meta":"","header-above-stick-meta":"","header-main-stick-meta":"","header-below-stick-meta":"","astra-migrate-meta-layouts":"default","ast-page-background-enabled":"default","ast-page-background-meta":{"desktop":{"background-color":"","background-image":"","background-repeat":"repeat","background-position":"center center","background-size":"auto","background-attachment":"scroll","background-type":"","background-media":"","overlay-type":"","overlay-color":"","overlay-opacity":"","overlay-gradient":""},"tablet":{"background-color":"","background-image":"","background-repeat":"repeat","background-position":"center center","background-size":"auto","background-attachment":"scroll","background-type":"","background-media":"","overlay-type":"","overlay-color":"","overlay-opacity":"","overlay-gradient":""},"mobile":{"background-color":"","background-image":"","background-repeat":"repeat","background-position":"center center","background-size":"auto","background-attachment":"scroll","background-type":"","background-media":"","overlay-type":"","overlay-color":"","overlay-opacity":"","overlay-gradient":""}},"ast-content-background-meta":{"desktop":{"background-color":"var(--ast-global-color-5)","background-image":"","background-repeat":"repeat","background-position":"center center","background-size":"auto","background-attachment":"scroll","background-type":"","background-media":"","overlay-type":"","overlay-color":"","overlay-opacity":"","overlay-gradient":""},"tablet":{"background-color":"var(--ast-global-color-5)","background-image":"","background-repeat":"repeat","background-position":"center center","background-size":"auto","background-attachment":"scroll","background-type":"","background-media":"","overlay-type":"","overlay-color":"","overlay-opacity":"","overlay-gradient":""},"mobile":{"background-color":"var(--ast-global-color-5)","background-image":"","background-repeat":"repeat","background-position":"center center","background-size":"auto","background-attachment":"scroll","background-type":"","background-media":"","overlay-type":"","overlay-color":"","overlay-opacity":"","overlay-gradient":""}}},"product_brand":[],"product_cat":[5170,5145],"product_tag":[],"class_list":{"0":"post-138913","1":"product","2":"type-product","3":"status-publish","4":"has-post-thumbnail","6":"product_cat-chairs","7":"product_cat-furniture","8":"product_shipping_class-costs-route","9":"desktop-align-left","10":"tablet-align-left","11":"mobile-align-left","12":"ast-product-gallery-layout-horizontal-slider","13":"ast-product-tabs-layout-horizontal","15":"first","16":"instock","17":"taxable","18":"shipping-taxable","19":"purchasable","20":"product-type-simple"},"acf":[],"yoast_head":"<!-- This site is optimized with the Yoast SEO plugin v27.2 - https:\/\/yoast.com\/product\/yoast-seo-wordpress\/ -->\n<title>Niels Otto M\u00f8ller chair - Decennia Design<\/title>\n<meta name=\"description\" content=\"Beautiful vintage dining room chair model 78, designed by Niels Otto M\u00f8ller for J.L. M\u00f8ller M\u00f8belfabrik Denmark. The chair is made of solid teak and upholstered with leather. The chair has some patina and there are a few spots on the leather but the chair is still in good vintage condition.\" \/>\n<meta name=\"robots\" content=\"index, follow, max-snippet:-1, max-image-preview:large, max-video-preview:-1\" \/>\n<link rel=\"canonical\" href=\"https:\/\/www.decenniadesign.nl\/en\/product\/niels-otto-moller-chair\/\" \/>\n<meta property=\"og:locale\" content=\"en_US\" \/>\n<meta property=\"og:type\" content=\"article\" \/>\n<meta property=\"og:title\" content=\"Niels Otto M\u00f8ller chair - Decennia Design\" \/>\n<meta property=\"og:description\" content=\"Beautiful vintage dining room chair model 78, designed by Niels Otto M\u00f8ller for J.L. M\u00f8ller M\u00f8belfabrik Denmark. The chair is made of solid teak and upholstered with leather. The chair has some patina and there are a few spots on the leather but the chair is still in good vintage condition.\" \/>\n<meta property=\"og:url\" content=\"https:\/\/www.decenniadesign.nl\/en\/product\/niels-otto-moller-chair\/\" \/>\n<meta property=\"og:site_name\" content=\"Decennia Design\" \/>\n<meta property=\"article:publisher\" content=\"https:\/\/www.facebook.com\/Decennia-Design-231647773518270\/\" \/>\n<meta property=\"article:modified_time\" content=\"2024-01-24T16:26:15+00:00\" \/>\n<meta property=\"og:image\" content=\"https:\/\/www.decenniadesign.nl\/wp-content\/uploads\/2023\/03\/67474Niels-Otto-Moller-stoel01.jpg\" \/>\n\t<meta property=\"og:image:width\" content=\"1024\" \/>\n\t<meta property=\"og:image:height\" content=\"1536\" \/>\n\t<meta property=\"og:image:type\" content=\"image\/jpeg\" \/>\n<meta name=\"twitter:card\" content=\"summary_large_image\" \/>\n<script type=\"application\/ld+json\" class=\"yoast-schema-graph\">{\"@context\":\"https:\/\/schema.org\",\"@graph\":[{\"@type\":\"WebPage\",\"@id\":\"https:\/\/www.decenniadesign.nl\/en\/product\/niels-otto-moller-chair\/\",\"url\":\"https:\/\/www.decenniadesign.nl\/en\/product\/niels-otto-moller-chair\/\",\"name\":\"Niels Otto M\u00f8ller chair - Decennia Design\",\"isPartOf\":{\"@id\":\"https:\/\/www.decenniadesign.nl\/en\/#website\"},\"primaryImageOfPage\":{\"@id\":\"https:\/\/www.decenniadesign.nl\/en\/product\/niels-otto-moller-chair\/#primaryimage\"},\"image\":{\"@id\":\"https:\/\/www.decenniadesign.nl\/en\/product\/niels-otto-moller-chair\/#primaryimage\"},\"thumbnailUrl\":\"https:\/\/www.decenniadesign.nl\/wp-content\/uploads\/2023\/03\/67474Niels-Otto-Moller-stoel01.jpg\",\"datePublished\":\"2023-03-16T12:48:46+00:00\",\"dateModified\":\"2024-01-24T16:26:15+00:00\",\"description\":\"Beautiful vintage dining room chair model 78, designed by Niels Otto M\u00f8ller for J.L. M\u00f8ller M\u00f8belfabrik Denmark. The chair is made of solid teak and upholstered with leather. The chair has some patina and there are a few spots on the leather but the chair is still in good vintage condition.\",\"breadcrumb\":{\"@id\":\"https:\/\/www.decenniadesign.nl\/en\/product\/niels-otto-moller-chair\/#breadcrumb\"},\"inLanguage\":\"en-US\",\"potentialAction\":[{\"@type\":\"ReadAction\",\"target\":[\"https:\/\/www.decenniadesign.nl\/en\/product\/niels-otto-moller-chair\/\"]}]},{\"@type\":\"ImageObject\",\"inLanguage\":\"en-US\",\"@id\":\"https:\/\/www.decenniadesign.nl\/en\/product\/niels-otto-moller-chair\/#primaryimage\",\"url\":\"https:\/\/www.decenniadesign.nl\/wp-content\/uploads\/2023\/03\/67474Niels-Otto-Moller-stoel01.jpg\",\"contentUrl\":\"https:\/\/www.decenniadesign.nl\/wp-content\/uploads\/2023\/03\/67474Niels-Otto-Moller-stoel01.jpg\",\"width\":1024,\"height\":1536},{\"@type\":\"BreadcrumbList\",\"@id\":\"https:\/\/www.decenniadesign.nl\/en\/product\/niels-otto-moller-chair\/#breadcrumb\",\"itemListElement\":[{\"@type\":\"ListItem\",\"position\":1,\"name\":\"Home\",\"item\":\"https:\/\/www.decenniadesign.nl\/en\/\"},{\"@type\":\"ListItem\",\"position\":2,\"name\":\"Shop\",\"item\":\"https:\/\/www.decenniadesign.nl\/en\/shop\/\"},{\"@type\":\"ListItem\",\"position\":3,\"name\":\"Niels Otto M\u00f8ller chair\"}]},{\"@type\":\"WebSite\",\"@id\":\"https:\/\/www.decenniadesign.nl\/en\/#website\",\"url\":\"https:\/\/www.decenniadesign.nl\/en\/\",\"name\":\"Decennia Design\",\"description\":\"Vintage design\",\"publisher\":{\"@id\":\"https:\/\/www.decenniadesign.nl\/en\/#organization\"},\"potentialAction\":[{\"@type\":\"SearchAction\",\"target\":{\"@type\":\"EntryPoint\",\"urlTemplate\":\"https:\/\/www.decenniadesign.nl\/en\/?s={search_term_string}\"},\"query-input\":{\"@type\":\"PropertyValueSpecification\",\"valueRequired\":true,\"valueName\":\"search_term_string\"}}],\"inLanguage\":\"en-US\"},{\"@type\":\"Organization\",\"@id\":\"https:\/\/www.decenniadesign.nl\/en\/#organization\",\"name\":\"Decennia Design\",\"url\":\"https:\/\/www.decenniadesign.nl\/en\/\",\"logo\":{\"@type\":\"ImageObject\",\"inLanguage\":\"en-US\",\"@id\":\"https:\/\/www.decenniadesign.nl\/en\/#\/schema\/logo\/image\/\",\"url\":\"https:\/\/www.decenniadesign.nl\/wp-content\/uploads\/2022\/01\/DECENNIADESIGN.NL-horizontaal.png\",\"contentUrl\":\"https:\/\/www.decenniadesign.nl\/wp-content\/uploads\/2022\/01\/DECENNIADESIGN.NL-horizontaal.png\",\"width\":1654,\"height\":123,\"caption\":\"Decennia Design\"},\"image\":{\"@id\":\"https:\/\/www.decenniadesign.nl\/en\/#\/schema\/logo\/image\/\"},\"sameAs\":[\"https:\/\/www.facebook.com\/Decennia-Design-231647773518270\/\",\"https:\/\/www.instagram.com\/decenniadesign\/\",\"https:\/\/nl.pinterest.com\/decennia\/\"]}]}<\/script>\n<!-- \/ Yoast SEO plugin. -->","yoast_head_json":{"title":"Niels Otto M\u00f8ller chair - Decennia Design","description":"Beautiful vintage dining room chair model 78, designed by Niels Otto M\u00f8ller for J.L. M\u00f8ller M\u00f8belfabrik Denmark. The chair is made of solid teak and upholstered with leather. The chair has some patina and there are a few spots on the leather but the chair is still in good vintage condition.","robots":{"index":"index","follow":"follow","max-snippet":"max-snippet:-1","max-image-preview":"max-image-preview:large","max-video-preview":"max-video-preview:-1"},"canonical":"https:\/\/www.decenniadesign.nl\/en\/product\/niels-otto-moller-chair\/","og_locale":"en_US","og_type":"article","og_title":"Niels Otto M\u00f8ller chair - Decennia Design","og_description":"Beautiful vintage dining room chair model 78, designed by Niels Otto M\u00f8ller for J.L. M\u00f8ller M\u00f8belfabrik Denmark. The chair is made of solid teak and upholstered with leather. The chair has some patina and there are a few spots on the leather but the chair is still in good vintage condition.","og_url":"https:\/\/www.decenniadesign.nl\/en\/product\/niels-otto-moller-chair\/","og_site_name":"Decennia Design","article_publisher":"https:\/\/www.facebook.com\/Decennia-Design-231647773518270\/","article_modified_time":"2024-01-24T16:26:15+00:00","og_image":[{"width":1024,"height":1536,"url":"https:\/\/www.decenniadesign.nl\/wp-content\/uploads\/2023\/03\/67474Niels-Otto-Moller-stoel01.jpg","type":"image\/jpeg"}],"twitter_card":"summary_large_image","schema":{"@context":"https:\/\/schema.org","@graph":[{"@type":"WebPage","@id":"https:\/\/www.decenniadesign.nl\/en\/product\/niels-otto-moller-chair\/","url":"https:\/\/www.decenniadesign.nl\/en\/product\/niels-otto-moller-chair\/","name":"Niels Otto M\u00f8ller chair - Decennia Design","isPartOf":{"@id":"https:\/\/www.decenniadesign.nl\/en\/#website"},"primaryImageOfPage":{"@id":"https:\/\/www.decenniadesign.nl\/en\/product\/niels-otto-moller-chair\/#primaryimage"},"image":{"@id":"https:\/\/www.decenniadesign.nl\/en\/product\/niels-otto-moller-chair\/#primaryimage"},"thumbnailUrl":"https:\/\/www.decenniadesign.nl\/wp-content\/uploads\/2023\/03\/67474Niels-Otto-Moller-stoel01.jpg","datePublished":"2023-03-16T12:48:46+00:00","dateModified":"2024-01-24T16:26:15+00:00","description":"Beautiful vintage dining room chair model 78, designed by Niels Otto M\u00f8ller for J.L. M\u00f8ller M\u00f8belfabrik Denmark. The chair is made of solid teak and upholstered with leather. The chair has some patina and there are a few spots on the leather but the chair is still in good vintage condition.","breadcrumb":{"@id":"https:\/\/www.decenniadesign.nl\/en\/product\/niels-otto-moller-chair\/#breadcrumb"},"inLanguage":"en-US","potentialAction":[{"@type":"ReadAction","target":["https:\/\/www.decenniadesign.nl\/en\/product\/niels-otto-moller-chair\/"]}]},{"@type":"ImageObject","inLanguage":"en-US","@id":"https:\/\/www.decenniadesign.nl\/en\/product\/niels-otto-moller-chair\/#primaryimage","url":"https:\/\/www.decenniadesign.nl\/wp-content\/uploads\/2023\/03\/67474Niels-Otto-Moller-stoel01.jpg","contentUrl":"https:\/\/www.decenniadesign.nl\/wp-content\/uploads\/2023\/03\/67474Niels-Otto-Moller-stoel01.jpg","width":1024,"height":1536},{"@type":"BreadcrumbList","@id":"https:\/\/www.decenniadesign.nl\/en\/product\/niels-otto-moller-chair\/#breadcrumb","itemListElement":[{"@type":"ListItem","position":1,"name":"Home","item":"https:\/\/www.decenniadesign.nl\/en\/"},{"@type":"ListItem","position":2,"name":"Shop","item":"https:\/\/www.decenniadesign.nl\/en\/shop\/"},{"@type":"ListItem","position":3,"name":"Niels Otto M\u00f8ller chair"}]},{"@type":"WebSite","@id":"https:\/\/www.decenniadesign.nl\/en\/#website","url":"https:\/\/www.decenniadesign.nl\/en\/","name":"Decennia Design","description":"Vintage design","publisher":{"@id":"https:\/\/www.decenniadesign.nl\/en\/#organization"},"potentialAction":[{"@type":"SearchAction","target":{"@type":"EntryPoint","urlTemplate":"https:\/\/www.decenniadesign.nl\/en\/?s={search_term_string}"},"query-input":{"@type":"PropertyValueSpecification","valueRequired":true,"valueName":"search_term_string"}}],"inLanguage":"en-US"},{"@type":"Organization","@id":"https:\/\/www.decenniadesign.nl\/en\/#organization","name":"Decennia Design","url":"https:\/\/www.decenniadesign.nl\/en\/","logo":{"@type":"ImageObject","inLanguage":"en-US","@id":"https:\/\/www.decenniadesign.nl\/en\/#\/schema\/logo\/image\/","url":"https:\/\/www.decenniadesign.nl\/wp-content\/uploads\/2022\/01\/DECENNIADESIGN.NL-horizontaal.png","contentUrl":"https:\/\/www.decenniadesign.nl\/wp-content\/uploads\/2022\/01\/DECENNIADESIGN.NL-horizontaal.png","width":1654,"height":123,"caption":"Decennia Design"},"image":{"@id":"https:\/\/www.decenniadesign.nl\/en\/#\/schema\/logo\/image\/"},"sameAs":["https:\/\/www.facebook.com\/Decennia-Design-231647773518270\/","https:\/\/www.instagram.com\/decenniadesign\/","https:\/\/nl.pinterest.com\/decennia\/"]}]}},"_links":{"self":[{"href":"https:\/\/www.decenniadesign.nl\/en\/wp-json\/wp\/v2\/product\/138913","targetHints":{"allow":["GET"]}}],"collection":[{"href":"https:\/\/www.decenniadesign.nl\/en\/wp-json\/wp\/v2\/product"}],"about":[{"href":"https:\/\/www.decenniadesign.nl\/en\/wp-json\/wp\/v2\/types\/product"}],"replies":[{"embeddable":true,"href":"https:\/\/www.decenniadesign.nl\/en\/wp-json\/wp\/v2\/comments?post=138913"}],"wp:featuredmedia":[{"embeddable":true,"href":"https:\/\/www.decenniadesign.nl\/en\/wp-json\/wp\/v2\/media\/138896"}],"wp:attachment":[{"href":"https:\/\/www.decenniadesign.nl\/en\/wp-json\/wp\/v2\/media?parent=138913"}],"wp:term":[{"taxonomy":"product_brand","embeddable":true,"href":"https:\/\/www.decenniadesign.nl\/en\/wp-json\/wp\/v2\/product_brand?post=138913"},{"taxonomy":"product_cat","embeddable":true,"href":"https:\/\/www.decenniadesign.nl\/en\/wp-json\/wp\/v2\/product_cat?post=138913"},{"taxonomy":"product_tag","embeddable":true,"href":"https:\/\/www.decenniadesign.nl\/en\/wp-json\/wp\/v2\/product_tag?post=138913"}],"curies":[{"name":"wp","href":"https:\/\/api.w.org\/{rel}","templated":true}]}}